{"id":2182,"date":"2021-05-04T13:45:21","date_gmt":"2021-05-04T11:45:21","guid":{"rendered":"https:\/\/wp.idlbiotech.com\/?page_id=2182"},"modified":"2025-05-28T10:59:48","modified_gmt":"2025-05-28T08:59:48","slug":"career","status":"publish","type":"page","link":"https:\/\/idldiagnostics.com\/se\/about-idl-diagnostics\/career\/","title":{"rendered":"Karri\u00e4r"},"content":{"rendered":"<p>[et_pb_section fb_built=&#8221;1&#8243; _builder_version=&#8221;4.16&#8243; _module_preset=&#8221;88f366a5-bf49-48d9-a338-ab22706b73e7&#8243; global_colors_info=&#8221;{}&#8221;][et_pb_row _builder_version=&#8221;4.16&#8243; _module_preset=&#8221;default&#8221; custom_padding=&#8221;0px||0px|||&#8221; global_colors_info=&#8221;{}&#8221;][et_pb_column type=&#8221;4_4&#8243; _builder_version=&#8221;4.16&#8243; _module_preset=&#8221;default&#8221; custom_padding=&#8221;||||false|false&#8221; custom_padding_tablet=&#8221;10px||||false|false&#8221; custom_padding_phone=&#8221;0px||||false|false&#8221; custom_padding_last_edited=&#8221;on|phone&#8221; global_colors_info=&#8221;{}&#8221;][dipi_breadcrumbs _builder_version=&#8221;4.27.4&#8243; _module_preset=&#8221;default&#8221; max_width=&#8221;800px&#8221; global_module=&#8221;5132&#8243; global_colors_info=&#8221;{}&#8221;][\/dipi_breadcrumbs][et_pb_divider color=&#8221;#EEEEEE&#8221; _builder_version=&#8221;4.16&#8243; _module_preset=&#8221;default&#8221; max_width=&#8221;800px&#8221; min_height=&#8221;1px&#8221; height=&#8221;20px&#8221; custom_margin=&#8221;||3px|||&#8221; global_colors_info=&#8221;{}&#8221;][\/et_pb_divider][et_pb_text _builder_version=&#8221;4.27.4&#8243; _module_preset=&#8221;8738c908-7375-4c6c-99a7-9f91f8a3c099&#8243; header_font_size=&#8221;56px&#8221; max_width=&#8221;800px&#8221; custom_margin=&#8221;||17px|||&#8221; global_colors_info=&#8221;{}&#8221;]<\/p>\n<h6>Career<\/h6>\n<h1>Working at IDL Diagnostics and current openings<\/h1>\n<p>[\/et_pb_text][\/et_pb_column][\/et_pb_row][\/et_pb_section][et_pb_section fb_built=&#8221;1&#8243; _builder_version=&#8221;4.18.0&#8243; _module_preset=&#8221;e9afc0e7-c9bf-4a12-be49-63ddba231101&#8243; global_colors_info=&#8221;{}&#8221;][et_pb_row column_structure=&#8221;3_5,2_5&#8243; _builder_version=&#8221;4.16&#8243; _module_preset=&#8221;default&#8221; global_colors_info=&#8221;{}&#8221;][et_pb_column type=&#8221;3_5&#8243; _builder_version=&#8221;4.16&#8243; _module_preset=&#8221;default&#8221; global_colors_info=&#8221;{}&#8221;][et_pb_text _builder_version=&#8221;4.17.4&#8243; _module_preset=&#8221;default&#8221; global_colors_info=&#8221;{}&#8221;]<\/p>\n<h5>Are you interested in working in a company that makes a difference and be a part of something bigger than yourself?<\/h5>\n<p>Join us on our mission to transform human health, together.<\/p>\n<p>[\/et_pb_text][et_pb_button button_url=&#8221;https:\/\/idldiagnostics.com\/contact&#8221; button_text=&#8221;Click here to get in touch&#8221; _builder_version=&#8221;4.17.4&#8243; _module_preset=&#8221;default&#8221; global_colors_info=&#8221;{}&#8221;][\/et_pb_button][\/et_pb_column][et_pb_column type=&#8221;2_5&#8243; _builder_version=&#8221;4.16&#8243; _module_preset=&#8221;default&#8221; global_colors_info=&#8221;{}&#8221;][\/et_pb_column][\/et_pb_row][et_pb_row _builder_version=&#8221;4.16&#8243; _module_preset=&#8221;default&#8221; global_colors_info=&#8221;{}&#8221;][et_pb_column type=&#8221;4_4&#8243; _builder_version=&#8221;4.16&#8243; _module_preset=&#8221;default&#8221; global_colors_info=&#8221;{}&#8221;][et_pb_text _builder_version=&#8221;4.16&#8243; _module_preset=&#8221;default&#8221; global_colors_info=&#8221;{}&#8221;]<\/p>\n<h3>Current openings<\/h3>\n<p>[\/et_pb_text][dipi_blog_slider include_categories=&#8221;21,18&#8243; use_thumbnail_height=&#8221;on&#8221; thumbnail_height=&#8221;100px&#8221; excerpt_length=&#8221;400&#8243; show_more=&#8221;on&#8221; show_more_text=&#8221;Read more&#8221; columns=&#8221;2&#8243; _builder_version=&#8221;4.19.4&#8243; _module_preset=&#8221;default&#8221; custom_button=&#8221;on&#8221; button_bg_color=&#8221;#EEEEEE&#8221; button_border_width=&#8221;0px&#8221; button_icon=&#8221;&#x35;||divi||400&#8243; button_icon_color=&#8221;#21242A&#8221; button_alignment=&#8221;center&#8221; custom_margin=&#8221;||26px|||&#8221; custom_padding=&#8221;||1px|||&#8221; global_colors_info=&#8221;{}&#8221;][\/dipi_blog_slider][\/et_pb_column][\/et_pb_row][et_pb_row disabled_on=&#8221;on|on|on&#8221; _builder_version=&#8221;4.17.3&#8243; _module_preset=&#8221;default&#8221; disabled=&#8221;on&#8221; global_colors_info=&#8221;{}&#8221;][et_pb_column type=&#8221;4_4&#8243; _builder_version=&#8221;4.16&#8243; _module_preset=&#8221;default&#8221; global_colors_info=&#8221;{}&#8221;][et_pb_text _builder_version=&#8221;4.16&#8243; _module_preset=&#8221;default&#8221; global_colors_info=&#8221;{}&#8221;]<\/p>\n<h3>Staff stories<\/h3>\n<p>[\/et_pb_text][et_pb_button button_url=&#8221;https:\/\/idldiagnostics.com\/category\/staff-stories\/&#8221; button_text=&#8221;All articals&#8221; _builder_version=&#8221;4.16&#8243; _module_preset=&#8221;default&#8221; global_colors_info=&#8221;{}&#8221;][\/et_pb_button][\/et_pb_column][\/et_pb_row][et_pb_row _builder_version=&#8221;4.9.4&#8243; _module_preset=&#8221;default&#8221; global_module=&#8221;2293&#8243; saved_tabs=&#8221;all&#8221; global_colors_info=&#8221;{}&#8221;][et_pb_column type=&#8221;4_4&#8243; _builder_version=&#8221;4.16&#8243; _module_preset=&#8221;default&#8221; global_colors_info=&#8221;{}&#8221;][et_pb_menu menu_id=&#8221;25&#8243; disabled_on=&#8221;on|on|off&#8221; _builder_version=&#8221;4.18.0&#8243; _module_preset=&#8221;_initial&#8221; background_color=&#8221;#F8F8F8&#8243; global_colors_info=&#8221;{}&#8221;][\/et_pb_menu][et_pb_sidebar area=&#8221;et_pb_widget_area_1&#8243; disabled_on=&#8221;off|off|on&#8221; _builder_version=&#8221;4.16&#8243; _module_preset=&#8221;2efbbc8f-7ecb-4fe3-9956-d83a8a0e7a74&#8243; background_color=&#8221;#F8F8F8&#8243; global_colors_info=&#8221;{}&#8221;][\/et_pb_sidebar][\/et_pb_column][\/et_pb_row][\/et_pb_section][et_pb_section fb_built=&#8221;1&#8243; custom_padding_last_edited=&#8221;on|tablet&#8221; _builder_version=&#8221;4.16&#8243; _module_preset=&#8221;default&#8221; custom_padding_tablet=&#8221;||0px||false|false&#8221; custom_padding_phone=&#8221;&#8221; global_module=&#8221;2175&#8243; saved_tabs=&#8221;all&#8221; global_colors_info=&#8221;{}&#8221;][et_pb_row column_structure=&#8221;1_2,1_2&#8243; make_equal=&#8221;on&#8221; _builder_version=&#8221;4.27.4&#8243; _module_preset=&#8221;default&#8221; width=&#8221;90%&#8221; max_width=&#8221;2000px&#8221; global_colors_info=&#8221;{}&#8221;][et_pb_column type=&#8221;1_2&#8243; module_class=&#8221;ds-vertical-align&#8221; _builder_version=&#8221;4.27.4&#8243; _module_preset=&#8221;default&#8221; global_colors_info=&#8221;{}&#8221;][et_pb_text _builder_version=&#8221;4.27.4&#8243; _module_preset=&#8221;default&#8221; text_text_color=&#8221;#21242A&#8221; global_colors_info=&#8221;{}&#8221;]<\/p>\n<h6>Investors<\/h6>\n<h3>We are listed on NASDAQ First North Growth Market.<\/h3>\n<p>We want to be the obvious choice within our segment in the markets where we are established. The market for our products is large and we are a smaller player with significant growth potential so far. IDL Diagnostics is unique for a company of this size.<\/p>\n<p>[\/et_pb_text][et_pb_button button_url=&#8221;https:\/\/idldiagnostics.com\/investors\/&#8221; button_text=&#8221;Read more about investing&#8221; _builder_version=&#8221;4.18.0&#8243; _module_preset=&#8221;5e8c1032-9074-49bb-92a6-99c20ecc3d02&#8243; global_colors_info=&#8221;{}&#8221;][\/et_pb_button][\/et_pb_column][et_pb_column type=&#8221;1_2&#8243; _builder_version=&#8221;4.16&#8243; _module_preset=&#8221;default&#8221; global_colors_info=&#8221;{}&#8221;][et_pb_image src=&#8221;https:\/\/idldiagnostics.com\/wp-content\/uploads\/2022\/10\/MG_3045.jpg&#8221; title_text=&#8221;_MG_3045&#8243; _builder_version=&#8221;4.18.0&#8243; _module_preset=&#8221;default&#8221; global_colors_info=&#8221;{}&#8221;][\/et_pb_image][\/et_pb_column][\/et_pb_row][\/et_pb_section][et_pb_section fb_built=&#8221;1&#8243; custom_padding_last_edited=&#8221;on|tablet&#8221; _builder_version=&#8221;4.16&#8243; _module_preset=&#8221;default&#8221; custom_padding_tablet=&#8221;||0px||false|false&#8221; custom_padding_phone=&#8221;&#8221; global_module=&#8221;2428&#8243; saved_tabs=&#8221;all&#8221; global_colors_info=&#8221;{}&#8221;][et_pb_row column_structure=&#8221;1_2,1_2&#8243; _builder_version=&#8221;4.27.4&#8243; _module_preset=&#8221;default&#8221; global_colors_info=&#8221;{}&#8221; make_equal=&#8221;on&#8221; width=&#8221;90%&#8221; max_width=&#8221;2000px&#8221; hover_enabled=&#8221;0&#8243; sticky_enabled=&#8221;0&#8243;][et_pb_column type=&#8221;1_2&#8243; _builder_version=&#8221;4.27.4&#8243; _module_preset=&#8221;default&#8221; hover_enabled=&#8221;0&#8243; global_colors_info=&#8221;{}&#8221; module_class=&#8221;ds-vertical-align&#8221; sticky_enabled=&#8221;0&#8243;][et_pb_text _builder_version=&#8221;4.18.0&#8243; _module_preset=&#8221;default&#8221; global_colors_info=&#8221;{}&#8221;]<\/p>\n<h6>Bacteriology<\/h6>\n<h3>An effective typhoid test<\/h3>\n<p>Typhoid fever is water and food-borne infectious disease caused by the bacterium, <em>Salmonella<\/em> enterica. IDL Biotechs product TUBEX\u00ae TF, is a rapid and sensitive in vitro diagnostic test for the detection of acute typhoid fever.<\/p>\n<p>[\/et_pb_text][et_pb_button button_url=&#8221;https:\/\/idldiagnostics.com\/products\/bacteriology\/&#8221; button_text=&#8221;Read more about bacteriology&#8221; _builder_version=&#8221;4.18.0&#8243; _module_preset=&#8221;5e8c1032-9074-49bb-92a6-99c20ecc3d02&#8243; global_colors_info=&#8221;{}&#8221;][\/et_pb_button][\/et_pb_column][et_pb_column type=&#8221;1_2&#8243; _builder_version=&#8221;4.16&#8243; _module_preset=&#8221;default&#8221; global_colors_info=&#8221;{}&#8221;][et_pb_image src=&#8221;https:\/\/idldiagnostics.com\/wp-content\/uploads\/2022\/10\/girl-water.jpeg&#8221; title_text=&#8221;Water is Life for African Children, Little Gorgeous Black Girl Drinking from Tap&#8221; _builder_version=&#8221;4.18.0&#8243; _module_preset=&#8221;default&#8221; global_colors_info=&#8221;{}&#8221;][\/et_pb_image][\/et_pb_column][\/et_pb_row][\/et_pb_section][et_pb_section fb_built=&#8221;1&#8243; custom_padding_last_edited=&#8221;on|tablet&#8221; _builder_version=&#8221;4.16&#8243; _module_preset=&#8221;default&#8221; custom_padding_tablet=&#8221;||0px||false|false&#8221; custom_padding_phone=&#8221;&#8221; global_module=&#8221;2365&#8243; saved_tabs=&#8221;all&#8221; global_colors_info=&#8221;{}&#8221;][et_pb_row column_structure=&#8221;1_2,1_2&#8243; make_equal=&#8221;on&#8221; _builder_version=&#8221;4.27.4&#8243; _module_preset=&#8221;default&#8221; width=&#8221;90%&#8221; max_width=&#8221;2000px&#8221; global_colors_info=&#8221;{}&#8221;][et_pb_column type=&#8221;1_2&#8243; module_class=&#8221;ds-vertical-align&#8221; _builder_version=&#8221;4.27.4&#8243; _module_preset=&#8221;default&#8221; global_colors_info=&#8221;{}&#8221;][et_pb_text _builder_version=&#8221;4.18.0&#8243; _module_preset=&#8221;default&#8221; global_colors_info=&#8221;{}&#8221;]<\/p>\n<h6>Oncology<\/h6>\n<h3>Diagnostics for oncology<\/h3>\n<p>Cancer is one of the leading causes of death worldwide, despite advancing knowledge. <span>To improve cancer patient management, there is a clear need for efficient diagnostics tools to capture this critical clinical data.<\/span><\/p>\n<p>[\/et_pb_text][et_pb_button button_url=&#8221;https:\/\/idldiagnostics.com\/products\/oncology\/&#8221; button_text=&#8221;Read more about oncology&#8221; _builder_version=&#8221;4.22.1&#8243; _module_preset=&#8221;5e8c1032-9074-49bb-92a6-99c20ecc3d02&#8243; global_colors_info=&#8221;{}&#8221;][\/et_pb_button][\/et_pb_column][et_pb_column type=&#8221;1_2&#8243; _builder_version=&#8221;4.16&#8243; _module_preset=&#8221;default&#8221; global_colors_info=&#8221;{}&#8221;][et_pb_image src=&#8221;https:\/\/idldiagnostics.com\/wp-content\/uploads\/2022\/10\/girl-sunset.jpeg&#8221; title_text=&#8221;Happy smiling running beagle dog portrait with tongue out and owner female jogging by the mounting meadow grass path. Walking in nature with pets, happy healthy active people lifestyle concept image.&#8221; _builder_version=&#8221;4.18.0&#8243; _module_preset=&#8221;default&#8221; global_colors_info=&#8221;{}&#8221;][\/et_pb_image][\/et_pb_column][\/et_pb_row][\/et_pb_section]<\/p>\n","protected":false},"excerpt":{"rendered":"<p><div class=\"et_pb_module dipi_breadcrumbs dipi_breadcrumbs_0\">\n\t\t\t\t\n\t\t\t\t\n\t\t\t\t\n\t\t\t\t\n\t\t\t\t\n\t\t\t\t\n\t\t\t\t<div class=\"et_pb_module_inner\">\n\t\t\t\t\t<div class=\"dipi-breadcrumbs dipi-bc-left\">\n                <ul >\n                    \n                                                        <li  class=\"dipi-breadcrumb-item dipi-breadcrumb-home\">\n\n                                                    <a  href=\"https:\/\/idldiagnostics.com\/se\">\n                                <span  content=\"Home\">\n                                                                        IDL Diagnostik                                <\/span>\n                            <\/a>\n\n                                                <meta itemprop=\"position\" content=\"1\"\/>                    <\/li>\n\n                    <li class=\"dipi-breadcrumb-separator\">\n                    <span class=\"et-pb-icon dipi-separator-icon\">5<\/span>\n                <\/li>                            \n                <\/ul>\n            <\/div>\n\t\t\t\t<\/div>\n\t\t\t<\/div>Career Working at IDL Diagnostics and current openingsAre you interested in working in a company that makes a difference and be a part of something bigger than yourself? Join us on our mission to transform human health, together.Current openings<div class=\"et_pb_module dipi_blog_slider dipi_blog_slider_0\">\n\t\t\t\t\n\t\t\t\t\n\t\t\t\t\n\t\t\t\t\n\t\t\t\t\n\t\t\t\t\n\t\t\t\t<div class=\"et_pb_module_inner\">\n\t\t\t\t\t\n\t\t    <div class=\"dipi-blog-slider-main preloading\" \n\t\t    data-columnsphone=\"&#8221;2&#8243;\"\n\t\t    data-columnstablet=\"&#8221;2&#8243;\"\n\t\t    data-columnsdesktop=\"&#8221;2&#8243;\"\n\t\t    data-spacebetween=\"50\"\n\t\t    data-loop=\"off\"\n\t\t    data-speed=\"500\"\n\t\t    data-navigation=\"on\"\n\t\t    data-pagination=\"off\"\n\t\t    data-autoplay=\"off\"\n\t\t    data-autoplayspeed=\"5000\"\n\t\t    data-pauseonhover=\"on\"\n\t\t    data-effect=\"slide\"\n\t\t    data-rotate=\"50\"\n\t\t    data-dynamicbullets=\"on\"\n\t\t    data-ordernumber=\"0\"\n\t\t    data-centered=\"off\"\n\t\t    data-spacebetween_tablet=\"50\"\n\t\t    data-spacebetween_phone=\"50\"\n\t\t    data-shadow=\"true\">\n\t\t        <div class=\"swiper-container\">\n\t\t            <div class=\"dipi-blog-slider-wrapper\">\n\t\t                <div class=\"entry\">\n\t<h3 class=\"not-found-title\">Inga resultat hittades<\/h3>\n\t<p>Sidan du beg\u00e4rde kunde inte hittas. F\u00f6rs\u00f6k f\u00f6rfina din s\u00f6kning eller anv\u00e4nd navigeringen ovan f\u00f6r att lokalisera inl\u00e4gget.<\/p>\n<\/div>\n\n\t\t            <\/div>\n\t\t        <\/div>\n\t\t        <div class=\"swiper-button-next swiper-arrow-button dipi-sbn0\" data-icon=\"&#x35;\"><\/div>\n\t\t    <div class=\"swiper-button-prev swiper-arrow-button dipi-sbp0\" data-icon=\"&#x34;\"><\/div>\n\t\t        <div class=\"swiper-container-horizontal\">\n\t\t            \n\t\t        <\/div>\n\t\t    <\/div>\n\t\t\t\t<\/div>\n\t\t\t<\/div><\/p>","protected":false},"author":1,"featured_media":4283,"parent":58,"menu_order":0,"comment_status":"closed","ping_status":"closed","template":"","meta":{"_et_pb_use_builder":"on","_et_pb_old_content":"","_et_gb_content_width":"","footnotes":""},"dipi_cpt_category":[],"class_list":["post-2182","page","type-page","status-publish","has-post-thumbnail","hentry"],"yoast_head":"<!-- This site is optimized with the Yoast SEO plugin v27.4 - https:\/\/yoast.com\/product\/yoast-seo-wordpress\/ -->\n<title>Career | Working at AroCell and current openings - IDL Diagnostics<\/title>\n<meta name=\"description\" content=\"Are you interested in working at Arocell, a company that makes a difference and be a part of something bigger than yourself?\" \/>\n<meta name=\"robots\" content=\"index, follow, max-snippet:-1, max-image-preview:large, max-video-preview:-1\" \/>\n<link rel=\"canonical\" href=\"https:\/\/idldiagnostics.com\/se\/about-idl-diagnostics\/career\/\" \/>\n<meta property=\"og:locale\" content=\"sv_SE\" \/>\n<meta property=\"og:type\" content=\"article\" \/>\n<meta property=\"og:title\" content=\"Career | Working at AroCell and current openings - IDL Diagnostics\" \/>\n<meta property=\"og:description\" content=\"Are you interested in working at Arocell, a company that makes a difference and be a part of something bigger than yourself?\" \/>\n<meta property=\"og:url\" content=\"https:\/\/idldiagnostics.com\/se\/about-idl-diagnostics\/career\/\" \/>\n<meta property=\"og:site_name\" content=\"IDL Diagnostics\" \/>\n<meta property=\"article:publisher\" content=\"https:\/\/www.facebook.com\/arocell\" \/>\n<meta property=\"article:modified_time\" content=\"2025-05-28T08:59:48+00:00\" \/>\n<meta property=\"og:image\" content=\"https:\/\/idldiagnostics.com\/wp-content\/uploads\/2022\/10\/arocell-favicon.png\" \/>\n\t<meta property=\"og:image:width\" content=\"512\" \/>\n\t<meta property=\"og:image:height\" content=\"512\" \/>\n\t<meta property=\"og:image:type\" content=\"image\/png\" \/>\n<meta name=\"twitter:card\" content=\"summary_large_image\" \/>\n<meta name=\"twitter:label1\" content=\"Ber\u00e4knad l\u00e4stid\" \/>\n\t<meta name=\"twitter:data1\" content=\"3 minuter\" \/>\n<script type=\"application\/ld+json\" class=\"yoast-schema-graph\">{\"@context\":\"https:\\\/\\\/schema.org\",\"@graph\":[{\"@type\":\"WebPage\",\"@id\":\"https:\\\/\\\/idldiagnostics.com\\\/about-idl-diagnostics\\\/career\\\/\",\"url\":\"https:\\\/\\\/idldiagnostics.com\\\/about-idl-diagnostics\\\/career\\\/\",\"name\":\"Career | Working at AroCell and current openings - IDL Diagnostics\",\"isPartOf\":{\"@id\":\"https:\\\/\\\/idldiagnostics.com\\\/#website\"},\"primaryImageOfPage\":{\"@id\":\"https:\\\/\\\/idldiagnostics.com\\\/about-idl-diagnostics\\\/career\\\/#primaryimage\"},\"image\":{\"@id\":\"https:\\\/\\\/idldiagnostics.com\\\/about-idl-diagnostics\\\/career\\\/#primaryimage\"},\"thumbnailUrl\":\"https:\\\/\\\/idldiagnostics.com\\\/wp-content\\\/uploads\\\/2022\\\/10\\\/arocell-favicon.png\",\"datePublished\":\"2021-05-04T11:45:21+00:00\",\"dateModified\":\"2025-05-28T08:59:48+00:00\",\"description\":\"Are you interested in working at Arocell, a company that makes a difference and be a part of something bigger than yourself?\",\"breadcrumb\":{\"@id\":\"https:\\\/\\\/idldiagnostics.com\\\/about-idl-diagnostics\\\/career\\\/#breadcrumb\"},\"inLanguage\":\"sv-SE\",\"potentialAction\":[{\"@type\":\"ReadAction\",\"target\":[\"https:\\\/\\\/idldiagnostics.com\\\/about-idl-diagnostics\\\/career\\\/\"]}]},{\"@type\":\"ImageObject\",\"inLanguage\":\"sv-SE\",\"@id\":\"https:\\\/\\\/idldiagnostics.com\\\/about-idl-diagnostics\\\/career\\\/#primaryimage\",\"url\":\"https:\\\/\\\/idldiagnostics.com\\\/wp-content\\\/uploads\\\/2022\\\/10\\\/arocell-favicon.png\",\"contentUrl\":\"https:\\\/\\\/idldiagnostics.com\\\/wp-content\\\/uploads\\\/2022\\\/10\\\/arocell-favicon.png\",\"width\":512,\"height\":512,\"caption\":\"arocell-favicon\"},{\"@type\":\"BreadcrumbList\",\"@id\":\"https:\\\/\\\/idldiagnostics.com\\\/about-idl-diagnostics\\\/career\\\/#breadcrumb\",\"itemListElement\":[{\"@type\":\"ListItem\",\"position\":1,\"name\":\"Hem\",\"item\":\"https:\\\/\\\/idldiagnostics.com\\\/\"},{\"@type\":\"ListItem\",\"position\":2,\"name\":\"About IDL Diagnostics\",\"item\":\"https:\\\/\\\/idldiagnostics.com\\\/about-idl-diagnostics\\\/\"},{\"@type\":\"ListItem\",\"position\":3,\"name\":\"Career\"}]},{\"@type\":\"WebSite\",\"@id\":\"https:\\\/\\\/idldiagnostics.com\\\/#website\",\"url\":\"https:\\\/\\\/idldiagnostics.com\\\/\",\"name\":\"IDL Diagnostics\",\"description\":\"Saving lives with diagnostics\",\"publisher\":{\"@id\":\"https:\\\/\\\/idldiagnostics.com\\\/#organization\"},\"potentialAction\":[{\"@type\":\"SearchAction\",\"target\":{\"@type\":\"EntryPoint\",\"urlTemplate\":\"https:\\\/\\\/idldiagnostics.com\\\/?s={search_term_string}\"},\"query-input\":{\"@type\":\"PropertyValueSpecification\",\"valueRequired\":true,\"valueName\":\"search_term_string\"}}],\"inLanguage\":\"sv-SE\"},{\"@type\":\"Organization\",\"@id\":\"https:\\\/\\\/idldiagnostics.com\\\/#organization\",\"name\":\"IDL Diagnostics\",\"url\":\"https:\\\/\\\/idldiagnostics.com\\\/\",\"logo\":{\"@type\":\"ImageObject\",\"inLanguage\":\"sv-SE\",\"@id\":\"https:\\\/\\\/idldiagnostics.com\\\/#\\\/schema\\\/logo\\\/image\\\/\",\"url\":\"https:\\\/\\\/idldiagnostics.com\\\/wp-content\\\/uploads\\\/2022\\\/10\\\/AroCell_logo.png\",\"contentUrl\":\"https:\\\/\\\/idldiagnostics.com\\\/wp-content\\\/uploads\\\/2022\\\/10\\\/AroCell_logo.png\",\"width\":1713,\"height\":570,\"caption\":\"IDL Diagnostics\"},\"image\":{\"@id\":\"https:\\\/\\\/idldiagnostics.com\\\/#\\\/schema\\\/logo\\\/image\\\/\"},\"sameAs\":[\"https:\\\/\\\/www.facebook.com\\\/arocell\",\"https:\\\/\\\/linkedin.com\\\/company\\\/arocell\"]}]}<\/script>\n<!-- \/ Yoast SEO plugin. -->","yoast_head_json":{"title":"Career | Working at AroCell and current openings - IDL Diagnostics","description":"Are you interested in working at Arocell, a company that makes a difference and be a part of something bigger than yourself?","robots":{"index":"index","follow":"follow","max-snippet":"max-snippet:-1","max-image-preview":"max-image-preview:large","max-video-preview":"max-video-preview:-1"},"canonical":"https:\/\/idldiagnostics.com\/se\/about-idl-diagnostics\/career\/","og_locale":"sv_SE","og_type":"article","og_title":"Career | Working at AroCell and current openings - IDL Diagnostics","og_description":"Are you interested in working at Arocell, a company that makes a difference and be a part of something bigger than yourself?","og_url":"https:\/\/idldiagnostics.com\/se\/about-idl-diagnostics\/career\/","og_site_name":"IDL Diagnostics","article_publisher":"https:\/\/www.facebook.com\/arocell","article_modified_time":"2025-05-28T08:59:48+00:00","og_image":[{"width":512,"height":512,"url":"https:\/\/idldiagnostics.com\/wp-content\/uploads\/2022\/10\/arocell-favicon.png","type":"image\/png"}],"twitter_card":"summary_large_image","twitter_misc":{"Ber\u00e4knad l\u00e4stid":"3 minuter"},"schema":{"@context":"https:\/\/schema.org","@graph":[{"@type":"WebPage","@id":"https:\/\/idldiagnostics.com\/about-idl-diagnostics\/career\/","url":"https:\/\/idldiagnostics.com\/about-idl-diagnostics\/career\/","name":"Career | Working at AroCell and current openings - IDL Diagnostics","isPartOf":{"@id":"https:\/\/idldiagnostics.com\/#website"},"primaryImageOfPage":{"@id":"https:\/\/idldiagnostics.com\/about-idl-diagnostics\/career\/#primaryimage"},"image":{"@id":"https:\/\/idldiagnostics.com\/about-idl-diagnostics\/career\/#primaryimage"},"thumbnailUrl":"https:\/\/idldiagnostics.com\/wp-content\/uploads\/2022\/10\/arocell-favicon.png","datePublished":"2021-05-04T11:45:21+00:00","dateModified":"2025-05-28T08:59:48+00:00","description":"Are you interested in working at Arocell, a company that makes a difference and be a part of something bigger than yourself?","breadcrumb":{"@id":"https:\/\/idldiagnostics.com\/about-idl-diagnostics\/career\/#breadcrumb"},"inLanguage":"sv-SE","potentialAction":[{"@type":"ReadAction","target":["https:\/\/idldiagnostics.com\/about-idl-diagnostics\/career\/"]}]},{"@type":"ImageObject","inLanguage":"sv-SE","@id":"https:\/\/idldiagnostics.com\/about-idl-diagnostics\/career\/#primaryimage","url":"https:\/\/idldiagnostics.com\/wp-content\/uploads\/2022\/10\/arocell-favicon.png","contentUrl":"https:\/\/idldiagnostics.com\/wp-content\/uploads\/2022\/10\/arocell-favicon.png","width":512,"height":512,"caption":"arocell-favicon"},{"@type":"BreadcrumbList","@id":"https:\/\/idldiagnostics.com\/about-idl-diagnostics\/career\/#breadcrumb","itemListElement":[{"@type":"ListItem","position":1,"name":"Hem","item":"https:\/\/idldiagnostics.com\/"},{"@type":"ListItem","position":2,"name":"About IDL Diagnostics","item":"https:\/\/idldiagnostics.com\/about-idl-diagnostics\/"},{"@type":"ListItem","position":3,"name":"Career"}]},{"@type":"WebSite","@id":"https:\/\/idldiagnostics.com\/#website","url":"https:\/\/idldiagnostics.com\/","name":"IDL Diagnostik","description":"R\u00e4dda liv med diagnostik","publisher":{"@id":"https:\/\/idldiagnostics.com\/#organization"},"potentialAction":[{"@type":"SearchAction","target":{"@type":"EntryPoint","urlTemplate":"https:\/\/idldiagnostics.com\/?s={search_term_string}"},"query-input":{"@type":"PropertyValueSpecification","valueRequired":true,"valueName":"search_term_string"}}],"inLanguage":"sv-SE"},{"@type":"Organization","@id":"https:\/\/idldiagnostics.com\/#organization","name":"IDL Diagnostik","url":"https:\/\/idldiagnostics.com\/","logo":{"@type":"ImageObject","inLanguage":"sv-SE","@id":"https:\/\/idldiagnostics.com\/#\/schema\/logo\/image\/","url":"https:\/\/idldiagnostics.com\/wp-content\/uploads\/2022\/10\/AroCell_logo.png","contentUrl":"https:\/\/idldiagnostics.com\/wp-content\/uploads\/2022\/10\/AroCell_logo.png","width":1713,"height":570,"caption":"IDL Diagnostics"},"image":{"@id":"https:\/\/idldiagnostics.com\/#\/schema\/logo\/image\/"},"sameAs":["https:\/\/www.facebook.com\/arocell","https:\/\/linkedin.com\/company\/arocell"]}]}},"_links":{"self":[{"href":"https:\/\/idldiagnostics.com\/se\/wp-json\/wp\/v2\/pages\/2182","targetHints":{"allow":["GET"]}}],"collection":[{"href":"https:\/\/idldiagnostics.com\/se\/wp-json\/wp\/v2\/pages"}],"about":[{"href":"https:\/\/idldiagnostics.com\/se\/wp-json\/wp\/v2\/types\/page"}],"author":[{"embeddable":true,"href":"https:\/\/idldiagnostics.com\/se\/wp-json\/wp\/v2\/users\/1"}],"replies":[{"embeddable":true,"href":"https:\/\/idldiagnostics.com\/se\/wp-json\/wp\/v2\/comments?post=2182"}],"version-history":[{"count":8,"href":"https:\/\/idldiagnostics.com\/se\/wp-json\/wp\/v2\/pages\/2182\/revisions"}],"predecessor-version":[{"id":5274,"href":"https:\/\/idldiagnostics.com\/se\/wp-json\/wp\/v2\/pages\/2182\/revisions\/5274"}],"up":[{"embeddable":true,"href":"https:\/\/idldiagnostics.com\/se\/wp-json\/wp\/v2\/pages\/58"}],"wp:featuredmedia":[{"embeddable":true,"href":"https:\/\/idldiagnostics.com\/se\/wp-json\/wp\/v2\/media\/4283"}],"wp:attachment":[{"href":"https:\/\/idldiagnostics.com\/se\/wp-json\/wp\/v2\/media?parent=2182"}],"wp:term":[{"taxonomy":"dipi_cpt_category","embeddable":true,"href":"https:\/\/idldiagnostics.com\/se\/wp-json\/wp\/v2\/dipi_cpt_category?post=2182"}],"curies":[{"name":"wp","href":"https:\/\/api.w.org\/{rel}","templated":true}]}}