{"id":2828,"date":"2021-11-30T10:06:45","date_gmt":"2021-11-30T09:06:45","guid":{"rendered":"https:\/\/wp.idlbiotech.com\/?page_id=2828"},"modified":"2025-11-28T10:50:26","modified_gmt":"2025-11-28T09:50:26","slug":"valberedning","status":"publish","type":"page","link":"https:\/\/idldiagnostics.com\/sv\/investerare\/foretagsstyrning\/valberedning\/","title":{"rendered":"Valberedning"},"content":{"rendered":"<p>[et_pb_section fb_built=&#8221;1&#8243; _builder_version=&#8221;4.16&#8243; _module_preset=&#8221;88f366a5-bf49-48d9-a338-ab22706b73e7&#8243; global_colors_info=&#8221;{}&#8221;][et_pb_row column_structure=&#8221;2_3,1_3&#8243; _builder_version=&#8221;4.18.0&#8243; _module_preset=&#8221;default&#8221; custom_padding=&#8221;0px||||false|false&#8221; global_colors_info=&#8221;{}&#8221;][et_pb_column type=&#8221;2_3&#8243; _builder_version=&#8221;4.16&#8243; _module_preset=&#8221;default&#8221; custom_padding=&#8221;||||false|false&#8221; custom_padding_tablet=&#8221;10px||||false|false&#8221; custom_padding_phone=&#8221;0px||||false|false&#8221; custom_padding_last_edited=&#8221;on|phone&#8221; global_colors_info=&#8221;{}&#8221;][dipi_breadcrumbs _builder_version=&#8221;4.16&#8243; _module_preset=&#8221;default&#8221; global_colors_info=&#8221;{}&#8221;][\/dipi_breadcrumbs][et_pb_divider color=&#8221;#EEEEEE&#8221; _builder_version=&#8221;4.16&#8243; _module_preset=&#8221;default&#8221; min_height=&#8221;1px&#8221; height=&#8221;20px&#8221; custom_margin=&#8221;||3px|||&#8221; global_colors_info=&#8221;{}&#8221;][\/et_pb_divider][et_pb_text _builder_version=&#8221;4.27.4&#8243; _module_preset=&#8221;8738c908-7375-4c6c-99a7-9f91f8a3c099&#8243; header_font_size=&#8221;56px&#8221; custom_margin=&#8221;||17px|||&#8221; global_colors_info=&#8221;{}&#8221;]<\/p>\n<h6>Valberedning<\/h6>\n<h1>Valberedning<\/h1>\n<p>[\/et_pb_text][et_pb_button button_url=&#8221;#contact&#8221; button_text=&#8221;Kontakta v\u00e5r valberedning&#8221; _builder_version=&#8221;4.27.4&#8243; _module_preset=&#8221;default&#8221; global_colors_info=&#8221;{}&#8221;][\/et_pb_button][\/et_pb_column][et_pb_column type=&#8221;1_3&#8243; _builder_version=&#8221;4.16&#8243; _module_preset=&#8221;default&#8221; custom_padding=&#8221;50px||||false|false&#8221; custom_padding_tablet=&#8221;10px||||false|false&#8221; custom_padding_phone=&#8221;0px||||false|false&#8221; custom_padding_last_edited=&#8221;on|tablet&#8221; global_colors_info=&#8221;{}&#8221;][\/et_pb_column][\/et_pb_row][\/et_pb_section][et_pb_section fb_built=&#8221;1&#8243; _builder_version=&#8221;4.18.0&#8243; _module_preset=&#8221;e9afc0e7-c9bf-4a12-be49-63ddba231101&#8243; global_colors_info=&#8221;{}&#8221;][et_pb_row _builder_version=&#8221;4.18.0&#8243; _module_preset=&#8221;default&#8221; global_colors_info=&#8221;{}&#8221;][et_pb_column type=&#8221;4_4&#8243; _builder_version=&#8221;4.16&#8243; _module_preset=&#8221;default&#8221; global_colors_info=&#8221;{}&#8221;][et_pb_text _builder_version=&#8221;4.27.4&#8243; _module_preset=&#8221;default&#8221; max_width=&#8221;800px&#8221; global_colors_info=&#8221;{}&#8221;]<\/p>\n<h3>Instruktion och arbetsordning f\u00f6r valberedningen i IDL Diagnostics (publ).<\/h3>\n<p><span data-olk-copy-source=\"MessageBody\">1. Valberedningen ska best\u00e5 av tre ledam\u00f6ter, med undantag f\u00f6r vad som stipuleras i punkt 7, att utses av de tre st\u00f6rsta aktie\u00e4garna i bolaget per den 30 september, och som \u00f6nskar utse en ledamot. F\u00f6r det fall att en aktie\u00e4gare underl\u00e5ter att utse en ledamot inom en vecka fr\u00e5n att aktie\u00e4garen blivit tillfr\u00e5gad h\u00e4rom, \u00f6verg\u00e5r r\u00e4tten att utse en ledamot i valberedningen till den aktie\u00e4gare som \u00e4r n\u00e4st p\u00e5 tur baserat p\u00e5 \u00e4garandel i bolaget per den 30 september och som \u00f6nskar utse en ledamot.\u00a0<\/span><\/p>\n<p><span>2. Det \u00e5ligger styrelsens ordf\u00f6rande att sammankalla valberedningen till dess f\u00f6rsta sammantr\u00e4de senast 30 november \u00e5ret f\u00f6re n\u00e4stkommande \u00e5rsst\u00e4mma, samt att st\u00e5 till f\u00f6rfogande vid behov i valberedningens arbete. Valberedningens sammans\u00e4ttning ska publiceras s\u00e5 snart den sammankallats, dock senast sex m\u00e5nader f\u00f6re \u00e5rsst\u00e4mman.\u00a0\u00a0<\/span><span>\u00a0<\/span><\/p>\n<p><span>3. <\/span><span>Styrelsens ordf\u00f6rande utg\u00f6r ej ledamot av valberedningen, men kan n\u00e4r s\u00e5 beh\u00f6vs adjungeras till valberedningens sammantr\u00e4den.\u00a0\u00a0<\/span><\/p>\n<p><span>4. Valberedningen ska inom sig utse ordf\u00f6rande vid sitt f\u00f6rsta sammantr\u00e4de.\u00a0\u00a0<\/span><\/p>\n<p><span>5. Valberedningen anses tillsatt och dess mandatperiod b\u00f6rjar i och med offentligg\u00f6randet. Mandatperioden l\u00f6per till dess n\u00e4sta valberedning tillsatts och dess mandatperiod b\u00f6rjat.\u00a0\u00a0<\/span><\/p>\n<p><span>6. Om en ledamot avg\u00e5r i f\u00f6rtid s\u00e5 kan valberedningen v\u00e4lja att utse en ny ledamot. F\u00f6rutsatt att den aktie\u00e4gare som utsett den ledamot som avg\u00e5tt fortfarande \u00e4r en av de tre st\u00f6rsta aktie\u00e4garna i bolaget ska aktie\u00e4garen tillfr\u00e5gas att utse en ny ledamot. Om denna aktie\u00e4gare avst\u00e5r fr\u00e5n att utse en ny ledamot kan valberedningen tillfr\u00e5ga n\u00e4sta aktie\u00e4gare i storleksordning som inte tidigare har utsett en ledamot i valberedningen. Valberedningens ordf\u00f6rande ska dock forts\u00e4tta att kontakta aktie\u00e4gare n\u00e4st p\u00e5 tur om s\u00e5 kr\u00e4vs f\u00f6r att valberedningen ska best\u00e5 av tre ledam\u00f6ter.\u00a0\u00a0<\/span><\/p>\n<p class=\"x_MsoNormal\"><span>7. <\/span><span>Om \u00e4garstrukturen i bolaget f\u00f6r\u00e4ndras kan valberedningen v\u00e4lja att \u00e4ndra sin sammans\u00e4ttning s\u00e5 att valberedningen p\u00e5 ett l\u00e4mpligt s\u00e4tt speglar \u00e4garbilden i bolaget. Det sammanlagda antalet ledam\u00f6ter f\u00e5r dock aldrig \u00f6verstiga fem. \u00c4ven om det sker f\u00f6r\u00e4ndringar i bolagets \u00e4garstruktur beh\u00f6ver inga \u00e4ndringar g\u00f6ras i valberedningens sammans\u00e4ttning vid mindre f\u00f6r\u00e4ndringar eller om en f\u00f6r\u00e4ndring intr\u00e4ffar mindre \u00e4n tre m\u00e5nader f\u00f6re \u00e5rsst\u00e4mman, om det inte \u00e4r motiverat till f\u00f6ljd av s\u00e4rskilda omst\u00e4ndigheter.\u00a0\u00a0<\/span><\/p>\n<p class=\"x_MsoNormal\"><span>8. Arvode till valberedningens ledam\u00f6ter skall inte utg\u00e5. Ers\u00e4ttning utg\u00e5r dock f\u00f6r sk\u00e4liga utgifter i samband med uppdraget.\u00a0\u00a0<\/span><\/p>\n<p><span>9. Valberedningen skall senast vid \u00e5rsst\u00e4mman l\u00e4mna f\u00f6rslag avseende:\u00a0\u00a0<\/span><\/p>\n<ul>\n<li><span>ordf\u00f6rande f\u00f6r st\u00e4mman,\u00a0\u00a0<\/span><\/li>\n<li><span>ordf\u00f6rande och \u00f6vriga styrelseledam\u00f6ter,\u00a0\u00a0<\/span><\/li>\n<li><span>arvode till ordf\u00f6rande och \u00f6vriga styrelseledam\u00f6ter,\u00a0\u00a0<\/span><\/li>\n<li><span>i f\u00f6rekommande fall val av revisor och arvode till revisor samt\u00a0\u00a0<\/span><\/li>\n<li><span>i f\u00f6rekommande fall \u00e4ndringar i denna instruktion och arbetsordning f\u00f6r valberedningen.\u00a0\u00a0<\/span><span><\/span><\/li>\n<\/ul>\n<p><span>Valberedningens f\u00f6rslag till st\u00e4mman ska presenteras i kallelse till st\u00e4mman d\u00e4r styrelse- eller revisorsval ska \u00e4ga rum samt p\u00e5 bolagets webbplats.\u00a0\u00a0<\/span><\/p>\n<p class=\"x_MsoNormal\"><span>F\u00f6r \u00f6vrigt ska valberedningen f\u00f6lja Svensk kod f\u00f6r bolagsstyrning vad g\u00e4ller valberedningens arbete.\u00a0<\/span><\/p>\n<p>[\/et_pb_text][et_pb_text module_id=&#8221;contact&#8221; _builder_version=&#8221;4.17.3&#8243; _module_preset=&#8221;default&#8221; global_colors_info=&#8221;{}&#8221;]<\/p>\n<p>F\u00f6r mera information kontakta:<br \/>Anders Hultman<br \/><a href=\"mailto:anders.hultman@arocell.com\" target=\"_blank\" rel=\"noopener\">anders.hultman@idldiagnostics.com<\/a><\/p>\n<p>[\/et_pb_text][et_pb_text _builder_version=&#8221;4.27.4&#8243; _module_preset=&#8221;default&#8221; hover_enabled=&#8221;0&#8243; sticky_enabled=&#8221;0&#8243;]<\/p>\n<p>IDL Diagnostics valberedning<\/p>\n<ul>\n<li>Jerker Swanstein, (valberedningens ordf\u00f6rande), representerar Labex Holding AB<\/li>\n<li>Jon Eiken, representerar eget aktieinnehav<\/li>\n<li>Didrik Hamilton, representerar eget aktieinnehav<\/li>\n<\/ul>\n<p>Aktie\u00e4gare som \u00f6nskar l\u00e4gga fram f\u00f6rslag till valberedningen inf\u00f6r \u00e5rsst\u00e4mman 2026 kan g\u00f6ra det via e-post till <a href=\"mailto:info@idldiagnostics.com\">info@idldiagnostics.com<\/a>\u00a0(rubrik \u201dIDL Diagnostics valberedning\u201d) eller via brev till:<\/p>\n<p>IDL Diagnostics AB<br \/>Att: Valberedning<br \/>P.O Box 11151<br \/>SE-161 11 Bromma<br \/>Sweden<\/p>\n<p>F\u00f6rslagen ska l\u00e4mnas in till valberedningen f\u00f6re den 31 januari, 2026.<\/p>\n<p>&nbsp;<\/p>\n<p>[\/et_pb_text][\/et_pb_column][\/et_pb_row][et_pb_row _builder_version=&#8221;4.16&#8243; _module_preset=&#8221;default&#8221; global_module=&#8221;3466&#8243; saved_tabs=&#8221;all&#8221; global_colors_info=&#8221;{}&#8221;][et_pb_column type=&#8221;4_4&#8243; _builder_version=&#8221;4.16&#8243; _module_preset=&#8221;default&#8221; global_colors_info=&#8221;{}&#8221;][et_pb_menu menu_id=&#8221;29&#8243; disabled_on=&#8221;on|on|off&#8221; _builder_version=&#8221;4.18.0&#8243; _module_preset=&#8221;default&#8221; background_color=&#8221;#F8F8F8&#8243; global_colors_info=&#8221;{}&#8221;][\/et_pb_menu][et_pb_sidebar area=&#8221;et_pb_widget_area_2&#8243; disabled_on=&#8221;off|off|on&#8221; _builder_version=&#8221;4.16&#8243; _module_preset=&#8221;2efbbc8f-7ecb-4fe3-9956-d83a8a0e7a74&#8243; background_color=&#8221;#F8F8F8&#8243; global_colors_info=&#8221;{}&#8221;][\/et_pb_sidebar][\/et_pb_column][\/et_pb_row][\/et_pb_section][et_pb_section fb_built=&#8221;1&#8243; custom_padding_last_edited=&#8221;on|tablet&#8221; _builder_version=&#8221;4.9.4&#8243; _module_preset=&#8221;default&#8221; custom_margin_tablet=&#8221;||||false|false&#8221; custom_margin_phone=&#8221;&#8221; custom_margin_last_edited=&#8221;on|tablet&#8221; custom_padding_tablet=&#8221;||0px||false|false&#8221; custom_padding_phone=&#8221;&#8221; global_module=&#8221;2177&#8243; saved_tabs=&#8221;all&#8221; global_colors_info=&#8221;{}&#8221;][et_pb_row column_structure=&#8221;1_2,1_2&#8243; make_equal=&#8221;on&#8221; _builder_version=&#8221;4.27.4&#8243; _module_preset=&#8221;default&#8221; width=&#8221;90%&#8221; max_width=&#8221;2000px&#8221; global_colors_info=&#8221;{}&#8221;][et_pb_column type=&#8221;1_2&#8243; module_class=&#8221;ds-vertical-align&#8221; _builder_version=&#8221;4.27.4&#8243; _module_preset=&#8221;default&#8221; global_colors_info=&#8221;{}&#8221;][et_pb_text _builder_version=&#8221;4.27.4&#8243; _module_preset=&#8221;default&#8221; global_colors_info=&#8221;{}&#8221;]<\/p>\n<h6>Om oss<\/h6>\n<h3>Vi bist\u00e5r med kunskap till beslutsfattare<\/h3>\n<p>IDL Diagnostics \u00e4r ett svenskt diagnostikf\u00f6retag med visionen att f\u00f6rb\u00e4ttra \u00f6vervakningen av onkologiska och bakteriella sjukdomar. Vi har ett brett produktutbud av IVD-tester som levererar v\u00e4rdefull klinisk information f\u00f6r uppt\u00e4ckt av sjukdomar.<\/p>\n<p>[\/et_pb_text][et_pb_button button_url=&#8221;https:\/\/idldiagnostics.com\/sv\/om-arocell\/&#8221; button_text=&#8221;L\u00e4s mer om oss&#8221; _builder_version=&#8221;4.27.4&#8243; _module_preset=&#8221;default&#8221; global_colors_info=&#8221;{}&#8221;][\/et_pb_button][\/et_pb_column][et_pb_column type=&#8221;1_2&#8243; _builder_version=&#8221;4.16&#8243; _module_preset=&#8221;default&#8221; global_colors_info=&#8221;{}&#8221;][et_pb_image src=&#8221;https:\/\/idldiagnostics.com\/sv\/wp-content\/uploads\/2022\/10\/MG_7941-800.jpg&#8221; title_text=&#8221;MG_7941-600&#8243; src_tablet=&#8221;&#8221; src_phone=&#8221;https:\/\/idldiagnostics.com\/sv\/wp-content\/uploads\/2023\/08\/MG_7941-600.jpg&#8221; src_last_edited=&#8221;on|phone&#8221; _builder_version=&#8221;4.22.1&#8243; _module_preset=&#8221;default&#8221; global_colors_info=&#8221;{}&#8221;][\/et_pb_image][\/et_pb_column][\/et_pb_row][\/et_pb_section]<\/p>\n","protected":false},"excerpt":{"rendered":"<p><div class=\"et_pb_module dipi_breadcrumbs dipi_breadcrumbs_0\">\n\t\t\t\t\n\t\t\t\t\n\t\t\t\t\n\t\t\t\t\n\t\t\t\t\n\t\t\t\t\n\t\t\t\t<div class=\"et_pb_module_inner\">\n\t\t\t\t\t<div class=\"dipi-breadcrumbs dipi-bc-left\">\n                <ul >\n                    \n                                                        <li  class=\"dipi-breadcrumb-item dipi-breadcrumb-home\">\n\n                                                    <a  href=\"https:\/\/idldiagnostics.com\/sv\">\n                                <span  content=\"Home\">\n                                                                        IDL Diagnostics                                <\/span>\n                            <\/a>\n\n                                                <meta itemprop=\"position\" content=\"1\"\/>                    <\/li>\n\n                    <li class=\"dipi-breadcrumb-separator\">\n                    <span class=\"et-pb-icon dipi-separator-icon\">&#x35;<\/span>\n                <\/li>                            \n                <\/ul>\n            <\/div>\n\t\t\t\t<\/div>\n\t\t\t<\/div>Valberedning ValberedningInstruktion och arbetsordning f\u00f6r valberedningen i IDL Diagnostics (publ). 1. Valberedningen ska best\u00e5 av tre ledam\u00f6ter, med undantag f\u00f6r vad som stipuleras i punkt 7, att [&hellip;]<\/p>\n","protected":false},"author":1,"featured_media":3954,"parent":2253,"menu_order":0,"comment_status":"closed","ping_status":"closed","template":"","meta":{"_et_pb_use_builder":"on","_et_pb_old_content":"<!-- wp:divi\/placeholder \/-->","_et_gb_content_width":"","footnotes":""},"dipi_cpt_category":[],"class_list":["post-2828","page","type-page","status-publish","has-post-thumbnail","hentry"],"yoast_head":"<!-- This site is optimized with the Yoast SEO plugin v27.5 - https:\/\/yoast.com\/product\/yoast-seo-wordpress\/ -->\n<title>Valberedning - IDL Diagnostics<\/title>\n<meta name=\"description\" content=\"Instruktion och arbetsordning f\u00f6r valberedningen i AroCell AB (publ)\" \/>\n<meta name=\"robots\" content=\"index, follow, max-snippet:-1, max-image-preview:large, max-video-preview:-1\" \/>\n<link rel=\"canonical\" href=\"https:\/\/idldiagnostics.com\/sv\/investerare\/foretagsstyrning\/valberedning\/\" \/>\n<meta property=\"og:locale\" content=\"sv_SE\" \/>\n<meta property=\"og:type\" content=\"article\" \/>\n<meta property=\"og:title\" content=\"Valberedning - IDL Diagnostics\" \/>\n<meta property=\"og:description\" content=\"Instruktion och arbetsordning f\u00f6r valberedningen i AroCell AB (publ)\" \/>\n<meta property=\"og:url\" content=\"https:\/\/idldiagnostics.com\/sv\/investerare\/foretagsstyrning\/valberedning\/\" \/>\n<meta property=\"og:site_name\" content=\"IDL Diagnostics\" \/>\n<meta property=\"article:publisher\" content=\"https:\/\/www.facebook.com\/arocell\" \/>\n<meta property=\"article:modified_time\" content=\"2025-11-28T09:50:26+00:00\" \/>\n<meta property=\"og:image\" content=\"https:\/\/idldiagnostics.com\/sv\/wp-content\/uploads\/2022\/09\/AroCell_logo.jpg\" \/>\n\t<meta property=\"og:image:width\" content=\"300\" \/>\n\t<meta property=\"og:image:height\" content=\"420\" \/>\n\t<meta property=\"og:image:type\" content=\"image\/jpeg\" \/>\n<meta name=\"twitter:card\" content=\"summary_large_image\" \/>\n<meta name=\"twitter:label1\" content=\"Ber\u00e4knad l\u00e4stid\" \/>\n\t<meta name=\"twitter:data1\" content=\"4 minuter\" \/>\n<script type=\"application\/ld+json\" class=\"yoast-schema-graph\">{\"@context\":\"https:\\\/\\\/schema.org\",\"@graph\":[{\"@type\":\"WebPage\",\"@id\":\"https:\\\/\\\/idldiagnostics.com\\\/sv\\\/investerare\\\/foretagsstyrning\\\/valberedning\\\/\",\"url\":\"https:\\\/\\\/idldiagnostics.com\\\/sv\\\/investerare\\\/foretagsstyrning\\\/valberedning\\\/\",\"name\":\"Valberedning - IDL Diagnostics\",\"isPartOf\":{\"@id\":\"https:\\\/\\\/arocell.com\\\/sv\\\/#website\"},\"primaryImageOfPage\":{\"@id\":\"https:\\\/\\\/idldiagnostics.com\\\/sv\\\/investerare\\\/foretagsstyrning\\\/valberedning\\\/#primaryimage\"},\"image\":{\"@id\":\"https:\\\/\\\/idldiagnostics.com\\\/sv\\\/investerare\\\/foretagsstyrning\\\/valberedning\\\/#primaryimage\"},\"thumbnailUrl\":\"https:\\\/\\\/idldiagnostics.com\\\/sv\\\/wp-content\\\/uploads\\\/2022\\\/09\\\/AroCell_logo.jpg\",\"datePublished\":\"2021-11-30T09:06:45+00:00\",\"dateModified\":\"2025-11-28T09:50:26+00:00\",\"description\":\"Instruktion och arbetsordning f\u00f6r valberedningen i AroCell AB (publ)\",\"breadcrumb\":{\"@id\":\"https:\\\/\\\/idldiagnostics.com\\\/sv\\\/investerare\\\/foretagsstyrning\\\/valberedning\\\/#breadcrumb\"},\"inLanguage\":\"sv-SE\",\"potentialAction\":[{\"@type\":\"ReadAction\",\"target\":[\"https:\\\/\\\/idldiagnostics.com\\\/sv\\\/investerare\\\/foretagsstyrning\\\/valberedning\\\/\"]}]},{\"@type\":\"ImageObject\",\"inLanguage\":\"sv-SE\",\"@id\":\"https:\\\/\\\/idldiagnostics.com\\\/sv\\\/investerare\\\/foretagsstyrning\\\/valberedning\\\/#primaryimage\",\"url\":\"https:\\\/\\\/idldiagnostics.com\\\/sv\\\/wp-content\\\/uploads\\\/2022\\\/09\\\/AroCell_logo.jpg\",\"contentUrl\":\"https:\\\/\\\/idldiagnostics.com\\\/sv\\\/wp-content\\\/uploads\\\/2022\\\/09\\\/AroCell_logo.jpg\",\"width\":300,\"height\":420},{\"@type\":\"BreadcrumbList\",\"@id\":\"https:\\\/\\\/idldiagnostics.com\\\/sv\\\/investerare\\\/foretagsstyrning\\\/valberedning\\\/#breadcrumb\",\"itemListElement\":[{\"@type\":\"ListItem\",\"position\":1,\"name\":\"Hem\",\"item\":\"https:\\\/\\\/idldiagnostics.com\\\/sv\\\/\"},{\"@type\":\"ListItem\",\"position\":2,\"name\":\"Investerare\",\"item\":\"https:\\\/\\\/arocell.com\\\/sv\\\/investerare\\\/\"},{\"@type\":\"ListItem\",\"position\":3,\"name\":\"F\u00f6retagsstyrning\",\"item\":\"https:\\\/\\\/arocell.com\\\/sv\\\/investerare\\\/foretagsstyrning\\\/\"},{\"@type\":\"ListItem\",\"position\":4,\"name\":\"Valberedning\"}]},{\"@type\":\"WebSite\",\"@id\":\"https:\\\/\\\/arocell.com\\\/sv\\\/#website\",\"url\":\"https:\\\/\\\/arocell.com\\\/sv\\\/\",\"name\":\"IDL Diagnostics\",\"description\":\"Saving lives with diagnostics\",\"publisher\":{\"@id\":\"https:\\\/\\\/arocell.com\\\/sv\\\/#organization\"},\"potentialAction\":[{\"@type\":\"SearchAction\",\"target\":{\"@type\":\"EntryPoint\",\"urlTemplate\":\"https:\\\/\\\/arocell.com\\\/sv\\\/?s={search_term_string}\"},\"query-input\":{\"@type\":\"PropertyValueSpecification\",\"valueRequired\":true,\"valueName\":\"search_term_string\"}}],\"inLanguage\":\"sv-SE\"},{\"@type\":\"Organization\",\"@id\":\"https:\\\/\\\/arocell.com\\\/sv\\\/#organization\",\"name\":\"IDL Diagnostics\",\"url\":\"https:\\\/\\\/arocell.com\\\/sv\\\/\",\"logo\":{\"@type\":\"ImageObject\",\"inLanguage\":\"sv-SE\",\"@id\":\"https:\\\/\\\/arocell.com\\\/sv\\\/#\\\/schema\\\/logo\\\/image\\\/\",\"url\":\"https:\\\/\\\/idldiagnostics.com\\\/sv\\\/wp-content\\\/uploads\\\/2022\\\/10\\\/AroCell_logo.png\",\"contentUrl\":\"https:\\\/\\\/idldiagnostics.com\\\/sv\\\/wp-content\\\/uploads\\\/2022\\\/10\\\/AroCell_logo.png\",\"width\":1713,\"height\":570,\"caption\":\"IDL Diagnostics\"},\"image\":{\"@id\":\"https:\\\/\\\/arocell.com\\\/sv\\\/#\\\/schema\\\/logo\\\/image\\\/\"},\"sameAs\":[\"https:\\\/\\\/www.facebook.com\\\/arocell\",\"https:\\\/\\\/linkedin.com\\\/company\\\/arocell\"]}]}<\/script>\n<!-- \/ Yoast SEO plugin. -->","yoast_head_json":{"title":"Valberedning - IDL Diagnostics","description":"Instruktion och arbetsordning f\u00f6r valberedningen i AroCell AB (publ)","robots":{"index":"index","follow":"follow","max-snippet":"max-snippet:-1","max-image-preview":"max-image-preview:large","max-video-preview":"max-video-preview:-1"},"canonical":"https:\/\/idldiagnostics.com\/sv\/investerare\/foretagsstyrning\/valberedning\/","og_locale":"sv_SE","og_type":"article","og_title":"Valberedning - IDL Diagnostics","og_description":"Instruktion och arbetsordning f\u00f6r valberedningen i AroCell AB (publ)","og_url":"https:\/\/idldiagnostics.com\/sv\/investerare\/foretagsstyrning\/valberedning\/","og_site_name":"IDL Diagnostics","article_publisher":"https:\/\/www.facebook.com\/arocell","article_modified_time":"2025-11-28T09:50:26+00:00","og_image":[{"width":300,"height":420,"url":"https:\/\/idldiagnostics.com\/sv\/wp-content\/uploads\/2022\/09\/AroCell_logo.jpg","type":"image\/jpeg"}],"twitter_card":"summary_large_image","twitter_misc":{"Ber\u00e4knad l\u00e4stid":"4 minuter"},"schema":{"@context":"https:\/\/schema.org","@graph":[{"@type":"WebPage","@id":"https:\/\/idldiagnostics.com\/sv\/investerare\/foretagsstyrning\/valberedning\/","url":"https:\/\/idldiagnostics.com\/sv\/investerare\/foretagsstyrning\/valberedning\/","name":"Valberedning - IDL Diagnostics","isPartOf":{"@id":"https:\/\/arocell.com\/sv\/#website"},"primaryImageOfPage":{"@id":"https:\/\/idldiagnostics.com\/sv\/investerare\/foretagsstyrning\/valberedning\/#primaryimage"},"image":{"@id":"https:\/\/idldiagnostics.com\/sv\/investerare\/foretagsstyrning\/valberedning\/#primaryimage"},"thumbnailUrl":"https:\/\/idldiagnostics.com\/sv\/wp-content\/uploads\/2022\/09\/AroCell_logo.jpg","datePublished":"2021-11-30T09:06:45+00:00","dateModified":"2025-11-28T09:50:26+00:00","description":"Instruktion och arbetsordning f\u00f6r valberedningen i AroCell AB (publ)","breadcrumb":{"@id":"https:\/\/idldiagnostics.com\/sv\/investerare\/foretagsstyrning\/valberedning\/#breadcrumb"},"inLanguage":"sv-SE","potentialAction":[{"@type":"ReadAction","target":["https:\/\/idldiagnostics.com\/sv\/investerare\/foretagsstyrning\/valberedning\/"]}]},{"@type":"ImageObject","inLanguage":"sv-SE","@id":"https:\/\/idldiagnostics.com\/sv\/investerare\/foretagsstyrning\/valberedning\/#primaryimage","url":"https:\/\/idldiagnostics.com\/sv\/wp-content\/uploads\/2022\/09\/AroCell_logo.jpg","contentUrl":"https:\/\/idldiagnostics.com\/sv\/wp-content\/uploads\/2022\/09\/AroCell_logo.jpg","width":300,"height":420},{"@type":"BreadcrumbList","@id":"https:\/\/idldiagnostics.com\/sv\/investerare\/foretagsstyrning\/valberedning\/#breadcrumb","itemListElement":[{"@type":"ListItem","position":1,"name":"Hem","item":"https:\/\/idldiagnostics.com\/sv\/"},{"@type":"ListItem","position":2,"name":"Investerare","item":"https:\/\/arocell.com\/sv\/investerare\/"},{"@type":"ListItem","position":3,"name":"F\u00f6retagsstyrning","item":"https:\/\/arocell.com\/sv\/investerare\/foretagsstyrning\/"},{"@type":"ListItem","position":4,"name":"Valberedning"}]},{"@type":"WebSite","@id":"https:\/\/arocell.com\/sv\/#website","url":"https:\/\/arocell.com\/sv\/","name":"IDL Diagnostics","description":"Saving lives with diagnostics","publisher":{"@id":"https:\/\/arocell.com\/sv\/#organization"},"potentialAction":[{"@type":"SearchAction","target":{"@type":"EntryPoint","urlTemplate":"https:\/\/arocell.com\/sv\/?s={search_term_string}"},"query-input":{"@type":"PropertyValueSpecification","valueRequired":true,"valueName":"search_term_string"}}],"inLanguage":"sv-SE"},{"@type":"Organization","@id":"https:\/\/arocell.com\/sv\/#organization","name":"IDL Diagnostics","url":"https:\/\/arocell.com\/sv\/","logo":{"@type":"ImageObject","inLanguage":"sv-SE","@id":"https:\/\/arocell.com\/sv\/#\/schema\/logo\/image\/","url":"https:\/\/idldiagnostics.com\/sv\/wp-content\/uploads\/2022\/10\/AroCell_logo.png","contentUrl":"https:\/\/idldiagnostics.com\/sv\/wp-content\/uploads\/2022\/10\/AroCell_logo.png","width":1713,"height":570,"caption":"IDL Diagnostics"},"image":{"@id":"https:\/\/arocell.com\/sv\/#\/schema\/logo\/image\/"},"sameAs":["https:\/\/www.facebook.com\/arocell","https:\/\/linkedin.com\/company\/arocell"]}]}},"_links":{"self":[{"href":"https:\/\/idldiagnostics.com\/sv\/wp-json\/wp\/v2\/pages\/2828","targetHints":{"allow":["GET"]}}],"collection":[{"href":"https:\/\/idldiagnostics.com\/sv\/wp-json\/wp\/v2\/pages"}],"about":[{"href":"https:\/\/idldiagnostics.com\/sv\/wp-json\/wp\/v2\/types\/page"}],"author":[{"embeddable":true,"href":"https:\/\/idldiagnostics.com\/sv\/wp-json\/wp\/v2\/users\/1"}],"replies":[{"embeddable":true,"href":"https:\/\/idldiagnostics.com\/sv\/wp-json\/wp\/v2\/comments?post=2828"}],"version-history":[{"count":1,"href":"https:\/\/idldiagnostics.com\/sv\/wp-json\/wp\/v2\/pages\/2828\/revisions"}],"predecessor-version":[{"id":5429,"href":"https:\/\/idldiagnostics.com\/sv\/wp-json\/wp\/v2\/pages\/2828\/revisions\/5429"}],"up":[{"embeddable":true,"href":"https:\/\/idldiagnostics.com\/sv\/wp-json\/wp\/v2\/pages\/2253"}],"wp:featuredmedia":[{"embeddable":true,"href":"https:\/\/idldiagnostics.com\/sv\/wp-json\/wp\/v2\/media\/3954"}],"wp:attachment":[{"href":"https:\/\/idldiagnostics.com\/sv\/wp-json\/wp\/v2\/media?parent=2828"}],"wp:term":[{"taxonomy":"dipi_cpt_category","embeddable":true,"href":"https:\/\/idldiagnostics.com\/sv\/wp-json\/wp\/v2\/dipi_cpt_category?post=2828"}],"curies":[{"name":"wp","href":"https:\/\/api.w.org\/{rel}","templated":true}]}}