{"id":2852,"date":"2021-11-30T10:18:35","date_gmt":"2021-11-30T09:18:35","guid":{"rendered":"https:\/\/wp.idlbiotech.com\/?page_id=2852"},"modified":"2025-06-18T12:45:49","modified_gmt":"2025-06-18T10:45:49","slug":"investerarrelationer-kontakt","status":"publish","type":"page","link":"https:\/\/idldiagnostics.com\/sv\/investerare\/investerarrelationer-kontakt\/","title":{"rendered":"Investerarrelationer kontakt"},"content":{"rendered":"<p>[et_pb_section fb_built=&#8221;1&#8243; _builder_version=&#8221;4.18.0&#8243; _module_preset=&#8221;88f366a5-bf49-48d9-a338-ab22706b73e7&#8243; global_colors_info=&#8221;{}&#8221;][et_pb_row _builder_version=&#8221;4.27.4&#8243; _module_preset=&#8221;default&#8221; custom_padding=&#8221;0px||||false|false&#8221; global_colors_info=&#8221;{}&#8221;][et_pb_column type=&#8221;4_4&#8243; _builder_version=&#8221;4.16&#8243; _module_preset=&#8221;default&#8221; custom_padding=&#8221;||||false|false&#8221; custom_padding_tablet=&#8221;10px||||false|false&#8221; custom_padding_phone=&#8221;0px||||false|false&#8221; custom_padding_last_edited=&#8221;on|phone&#8221; global_colors_info=&#8221;{}&#8221;][dipi_breadcrumbs _builder_version=&#8221;4.16&#8243; _module_preset=&#8221;default&#8221; max_width=&#8221;800px&#8221; global_colors_info=&#8221;{}&#8221;][\/dipi_breadcrumbs][et_pb_divider color=&#8221;#EEEEEE&#8221; _builder_version=&#8221;4.16&#8243; _module_preset=&#8221;default&#8221; max_width=&#8221;800px&#8221; min_height=&#8221;1px&#8221; height=&#8221;20px&#8221; custom_margin=&#8221;||3px|||&#8221; global_colors_info=&#8221;{}&#8221;][\/et_pb_divider][et_pb_text _builder_version=&#8221;4.27.4&#8243; _module_preset=&#8221;8738c908-7375-4c6c-99a7-9f91f8a3c099&#8243; header_font_size=&#8221;56px&#8221; max_width=&#8221;800px&#8221; custom_margin=&#8221;||17px|||&#8221; global_colors_info=&#8221;{}&#8221;]<\/p>\n<h6>IR kontakt<\/h6>\n<h1>Investerarrelationer kontakt<\/h1>\n<p>[\/et_pb_text][et_pb_button button_url=&#8221;#contact&#8221; button_text=&#8221;Kontakta v\u00e5r CEO &#038; CFO&#8221; _builder_version=&#8221;4.27.4&#8243; _module_preset=&#8221;default&#8221; global_colors_info=&#8221;{}&#8221;][\/et_pb_button][\/et_pb_column][\/et_pb_row][\/et_pb_section][et_pb_section fb_built=&#8221;1&#8243; module_id=&#8221;contact&#8221; _builder_version=&#8221;4.18.0&#8243; _module_preset=&#8221;e9afc0e7-c9bf-4a12-be49-63ddba231101&#8243; border_width_bottom=&#8221;0px&#8221; global_colors_info=&#8221;{}&#8221;][et_pb_row column_structure=&#8221;1_2,1_2&#8243; _builder_version=&#8221;4.27.4&#8243; _module_preset=&#8221;default&#8221; width=&#8221;90%&#8221; global_colors_info=&#8221;{}&#8221;][et_pb_column type=&#8221;1_2&#8243; _builder_version=&#8221;4.27.4&#8243; _module_preset=&#8221;default&#8221; global_colors_info=&#8221;{}&#8221;][et_pb_text _builder_version=&#8221;4.27.4&#8243; _module_preset=&#8221;default&#8221; global_colors_info=&#8221;{}&#8221;]<\/p>\n<p>Kontaka oss om du har n\u00e5gra fr\u00e5gor eller beh\u00f6ver information relaterad till v\u00e5rt f\u00f6retags finansiella prestationer, investerarrelationer eller aktie\u00e4garfr\u00e5gor. Vi finns h\u00e4r f\u00f6r att ge dig den hj\u00e4lp och de insikter du beh\u00f6ver.<\/p>\n<p>[\/et_pb_text][\/et_pb_column][et_pb_column type=&#8221;1_2&#8243; _builder_version=&#8221;4.27.4&#8243; _module_preset=&#8221;default&#8221; global_colors_info=&#8221;{}&#8221;][\/et_pb_column][\/et_pb_row][et_pb_row column_structure=&#8221;1_2,1_2&#8243; make_equal=&#8221;on&#8221; _builder_version=&#8221;4.27.4&#8243; _module_preset=&#8221;default&#8221; global_colors_info=&#8221;{}&#8221;][et_pb_column type=&#8221;1_2&#8243; _builder_version=&#8221;4.16&#8243; _module_preset=&#8221;default&#8221; background_color=&#8221;#F8F8F8&#8243; border_radii=&#8221;on|20px|20px|20px|20px&#8221; global_colors_info=&#8221;{}&#8221;][et_pb_testimonial portrait_url=&#8221;https:\/\/idldiagnostics.com\/sv\/wp-content\/uploads\/2021\/12\/anders_hultman.jpg&#8221; _builder_version=&#8221;4.27.4&#8243; _module_preset=&#8221;default&#8221; body_link_font=&#8221;||||on||||&#8221; hover_enabled=&#8221;0&#8243; border_radii_portrait=&#8221;on|20px|20px|20px|20px&#8221; global_colors_info=&#8221;{}&#8221; sticky_enabled=&#8221;0&#8243;]<\/p>\n<h3><\/h3>\n<h3><\/h3>\n<h3>Anders Hultman<\/h3>\n<p><strong><\/strong><\/p>\n<p><strong>CEO\/IR<\/strong><br \/>Email: <a href=\"mailto:anders.hultman@idldiagnostics.com\">anders.hultman@idldiagnostics.com<\/a><\/p>\n<p>[\/et_pb_testimonial][\/et_pb_column][et_pb_column type=&#8221;1_2&#8243; _builder_version=&#8221;4.16&#8243; _module_preset=&#8221;default&#8221; background_color=&#8221;#F8F8F8&#8243; border_radii=&#8221;on|20px|20px|20px|20px&#8221; global_colors_info=&#8221;{}&#8221;][et_pb_testimonial portrait_url=&#8221;https:\/\/idldiagnostics.com\/sv\/wp-content\/uploads\/2022\/11\/Unknown-scaled-e1669035075305.jpeg&#8221; _builder_version=&#8221;4.27.4&#8243; _module_preset=&#8221;default&#8221; body_link_font=&#8221;||||on||||&#8221; hover_enabled=&#8221;0&#8243; border_radii_portrait=&#8221;on|20px|20px|20px|20px&#8221; global_colors_info=&#8221;{}&#8221; sticky_enabled=&#8221;0&#8243;]<\/p>\n<h3><\/h3>\n<h3><\/h3>\n<h3>Ellen Dittberner<\/h3>\n<p><strong><\/strong><\/p>\n<p><strong>CFO\/IR<\/strong><br \/>Email: <a href=\"mailto:ellen.dittberner@idldiagnostics.com\">ellen.<span><u>dittberner@idldiagnostics.com<\/u><\/span><\/a><\/p>\n<p>[\/et_pb_testimonial][\/et_pb_column][\/et_pb_row][et_pb_row _builder_version=&#8221;4.16&#8243; _module_preset=&#8221;default&#8221; global_module=&#8221;3464&#8243; saved_tabs=&#8221;all&#8221; global_colors_info=&#8221;{}&#8221;][et_pb_column type=&#8221;4_4&#8243; _builder_version=&#8221;4.16&#8243; _module_preset=&#8221;default&#8221; global_colors_info=&#8221;{}&#8221;][et_pb_menu menu_id=&#8221;47&#8243; disabled_on=&#8221;on|on|off&#8221; _builder_version=&#8221;4.18.0&#8243; _module_preset=&#8221;default&#8221; background_color=&#8221;#F8F8F8&#8243; global_colors_info=&#8221;{}&#8221;][\/et_pb_menu][et_pb_sidebar area=&#8221;et_pb_widget_area_6&#8243; disabled_on=&#8221;off|off|on&#8221; _builder_version=&#8221;4.17.4&#8243; _module_preset=&#8221;2efbbc8f-7ecb-4fe3-9956-d83a8a0e7a74&#8243; background_color=&#8221;#F8F8F8&#8243; global_colors_info=&#8221;{}&#8221;][\/et_pb_sidebar][\/et_pb_column][\/et_pb_row][\/et_pb_section][et_pb_section fb_built=&#8221;1&#8243; custom_padding_last_edited=&#8221;on|tablet&#8221; _builder_version=&#8221;4.9.4&#8243; _module_preset=&#8221;default&#8221; custom_margin_tablet=&#8221;||||false|false&#8221; custom_margin_phone=&#8221;&#8221; custom_margin_last_edited=&#8221;on|tablet&#8221; custom_padding_tablet=&#8221;||0px||false|false&#8221; custom_padding_phone=&#8221;&#8221; global_module=&#8221;2177&#8243; saved_tabs=&#8221;all&#8221; global_colors_info=&#8221;{}&#8221;][et_pb_row column_structure=&#8221;1_2,1_2&#8243; make_equal=&#8221;on&#8221; _builder_version=&#8221;4.27.4&#8243; _module_preset=&#8221;default&#8221; width=&#8221;90%&#8221; max_width=&#8221;2000px&#8221; global_colors_info=&#8221;{}&#8221;][et_pb_column type=&#8221;1_2&#8243; module_class=&#8221;ds-vertical-align&#8221; _builder_version=&#8221;4.27.4&#8243; _module_preset=&#8221;default&#8221; global_colors_info=&#8221;{}&#8221;][et_pb_text _builder_version=&#8221;4.27.4&#8243; _module_preset=&#8221;default&#8221; global_colors_info=&#8221;{}&#8221;]<\/p>\n<h6>Om oss<\/h6>\n<h3>Vi bist\u00e5r med kunskap till beslutsfattare<\/h3>\n<p>IDL Diagnostics \u00e4r ett svenskt diagnostikf\u00f6retag med visionen att f\u00f6rb\u00e4ttra \u00f6vervakningen av onkologiska och bakteriella sjukdomar. Vi har ett brett produktutbud av IVD-tester som levererar v\u00e4rdefull klinisk information f\u00f6r uppt\u00e4ckt av sjukdomar.<\/p>\n<p>[\/et_pb_text][et_pb_button button_url=&#8221;https:\/\/idldiagnostics.com\/sv\/om-arocell\/&#8221; button_text=&#8221;L\u00e4s mer om oss&#8221; _builder_version=&#8221;4.27.4&#8243; _module_preset=&#8221;default&#8221; global_colors_info=&#8221;{}&#8221;][\/et_pb_button][\/et_pb_column][et_pb_column type=&#8221;1_2&#8243; _builder_version=&#8221;4.16&#8243; _module_preset=&#8221;default&#8221; global_colors_info=&#8221;{}&#8221;][et_pb_image src=&#8221;https:\/\/idldiagnostics.com\/sv\/wp-content\/uploads\/2022\/10\/MG_7941-800.jpg&#8221; title_text=&#8221;MG_7941-600&#8243; src_tablet=&#8221;&#8221; src_phone=&#8221;https:\/\/idldiagnostics.com\/sv\/wp-content\/uploads\/2023\/08\/MG_7941-600.jpg&#8221; src_last_edited=&#8221;on|phone&#8221; _builder_version=&#8221;4.22.1&#8243; _module_preset=&#8221;default&#8221; global_colors_info=&#8221;{}&#8221;][\/et_pb_image][\/et_pb_column][\/et_pb_row][\/et_pb_section]<\/p>\n","protected":false},"excerpt":{"rendered":"<p><div class=\"et_pb_module dipi_breadcrumbs dipi_breadcrumbs_0\">\n\t\t\t\t\n\t\t\t\t\n\t\t\t\t\n\t\t\t\t\n\t\t\t\t\n\t\t\t\t\n\t\t\t\t<div class=\"et_pb_module_inner\">\n\t\t\t\t\t<div class=\"dipi-breadcrumbs dipi-bc-left\">\n                <ul >\n                    \n                                                        <li  class=\"dipi-breadcrumb-item dipi-breadcrumb-home\">\n\n                                                    <a  href=\"https:\/\/idldiagnostics.com\/sv\">\n                                <span  content=\"Home\">\n                                                                        IDL Diagnostics                                <\/span>\n                            <\/a>\n\n                                                <meta itemprop=\"position\" content=\"1\"\/>                    <\/li>\n\n                    <li class=\"dipi-breadcrumb-separator\">\n                    <span class=\"et-pb-icon dipi-separator-icon\">&#x35;<\/span>\n                <\/li>                            \n                <\/ul>\n            <\/div>\n\t\t\t\t<\/div>\n\t\t\t<\/div>IR kontakt Investerarrelationer kontaktKontaka oss om du har n\u00e5gra fr\u00e5gor eller beh\u00f6ver information relaterad till v\u00e5rt f\u00f6retags finansiella prestationer, investerarrelationer eller aktie\u00e4garfr\u00e5gor. Vi finns h\u00e4r f\u00f6r [&hellip;]<\/p>\n","protected":false},"author":1,"featured_media":3755,"parent":2856,"menu_order":0,"comment_status":"closed","ping_status":"closed","template":"","meta":{"_et_pb_use_builder":"on","_et_pb_old_content":"<!-- wp:divi\/placeholder \/-->","_et_gb_content_width":"","footnotes":""},"dipi_cpt_category":[],"class_list":["post-2852","page","type-page","status-publish","has-post-thumbnail","hentry"],"yoast_head":"<!-- This site is optimized with the Yoast SEO plugin v27.5 - https:\/\/yoast.com\/product\/yoast-seo-wordpress\/ -->\n<title>Investerarrelationer kontakt - IDL Diagnostics<\/title>\n<meta name=\"description\" content=\"Om du har n\u00e5gra fr\u00e5gor eller beh\u00f6ver information relaterad till v\u00e5rt f\u00f6retags finansiella prestationer, investerarrelationer eller\" \/>\n<meta name=\"robots\" content=\"index, follow, max-snippet:-1, max-image-preview:large, max-video-preview:-1\" \/>\n<link rel=\"canonical\" href=\"https:\/\/idldiagnostics.com\/sv\/investerare\/investerarrelationer-kontakt\/\" \/>\n<meta property=\"og:locale\" content=\"sv_SE\" \/>\n<meta property=\"og:type\" content=\"article\" \/>\n<meta property=\"og:title\" content=\"Investerarrelationer kontakt - IDL Diagnostics\" \/>\n<meta property=\"og:description\" content=\"Om du har n\u00e5gra fr\u00e5gor eller beh\u00f6ver information relaterad till v\u00e5rt f\u00f6retags finansiella prestationer, investerarrelationer eller\" \/>\n<meta property=\"og:url\" content=\"https:\/\/idldiagnostics.com\/sv\/investerare\/investerarrelationer-kontakt\/\" \/>\n<meta property=\"og:site_name\" content=\"IDL Diagnostics\" \/>\n<meta property=\"article:publisher\" content=\"https:\/\/www.facebook.com\/arocell\" \/>\n<meta property=\"article:modified_time\" content=\"2025-06-18T10:45:49+00:00\" \/>\n<meta property=\"og:image\" content=\"https:\/\/idldiagnostics.com\/sv\/wp-content\/uploads\/2022\/09\/alona-nyberg.jpg\" \/>\n\t<meta property=\"og:image:width\" content=\"320\" \/>\n\t<meta property=\"og:image:height\" content=\"320\" \/>\n\t<meta property=\"og:image:type\" content=\"image\/jpeg\" \/>\n<meta name=\"twitter:card\" content=\"summary_large_image\" \/>\n<meta name=\"twitter:label1\" content=\"Ber\u00e4knad l\u00e4stid\" \/>\n\t<meta name=\"twitter:data1\" content=\"2 minuter\" \/>\n<script type=\"application\/ld+json\" class=\"yoast-schema-graph\">{\"@context\":\"https:\\\/\\\/schema.org\",\"@graph\":[{\"@type\":\"WebPage\",\"@id\":\"https:\\\/\\\/idldiagnostics.com\\\/sv\\\/investerare\\\/investerarrelationer-kontakt\\\/\",\"url\":\"https:\\\/\\\/idldiagnostics.com\\\/sv\\\/investerare\\\/investerarrelationer-kontakt\\\/\",\"name\":\"Investerarrelationer kontakt - IDL Diagnostics\",\"isPartOf\":{\"@id\":\"https:\\\/\\\/arocell.com\\\/sv\\\/#website\"},\"primaryImageOfPage\":{\"@id\":\"https:\\\/\\\/idldiagnostics.com\\\/sv\\\/investerare\\\/investerarrelationer-kontakt\\\/#primaryimage\"},\"image\":{\"@id\":\"https:\\\/\\\/idldiagnostics.com\\\/sv\\\/investerare\\\/investerarrelationer-kontakt\\\/#primaryimage\"},\"thumbnailUrl\":\"https:\\\/\\\/idldiagnostics.com\\\/sv\\\/wp-content\\\/uploads\\\/2022\\\/09\\\/alona-nyberg.jpg\",\"datePublished\":\"2021-11-30T09:18:35+00:00\",\"dateModified\":\"2025-06-18T10:45:49+00:00\",\"description\":\"Om du har n\u00e5gra fr\u00e5gor eller beh\u00f6ver information relaterad till v\u00e5rt f\u00f6retags finansiella prestationer, investerarrelationer eller\",\"breadcrumb\":{\"@id\":\"https:\\\/\\\/idldiagnostics.com\\\/sv\\\/investerare\\\/investerarrelationer-kontakt\\\/#breadcrumb\"},\"inLanguage\":\"sv-SE\",\"potentialAction\":[{\"@type\":\"ReadAction\",\"target\":[\"https:\\\/\\\/idldiagnostics.com\\\/sv\\\/investerare\\\/investerarrelationer-kontakt\\\/\"]}]},{\"@type\":\"ImageObject\",\"inLanguage\":\"sv-SE\",\"@id\":\"https:\\\/\\\/idldiagnostics.com\\\/sv\\\/investerare\\\/investerarrelationer-kontakt\\\/#primaryimage\",\"url\":\"https:\\\/\\\/idldiagnostics.com\\\/sv\\\/wp-content\\\/uploads\\\/2022\\\/09\\\/alona-nyberg.jpg\",\"contentUrl\":\"https:\\\/\\\/idldiagnostics.com\\\/sv\\\/wp-content\\\/uploads\\\/2022\\\/09\\\/alona-nyberg.jpg\",\"width\":320,\"height\":320},{\"@type\":\"BreadcrumbList\",\"@id\":\"https:\\\/\\\/idldiagnostics.com\\\/sv\\\/investerare\\\/investerarrelationer-kontakt\\\/#breadcrumb\",\"itemListElement\":[{\"@type\":\"ListItem\",\"position\":1,\"name\":\"Hem\",\"item\":\"https:\\\/\\\/idldiagnostics.com\\\/sv\\\/\"},{\"@type\":\"ListItem\",\"position\":2,\"name\":\"Investerare\",\"item\":\"https:\\\/\\\/arocell.com\\\/sv\\\/investerare\\\/\"},{\"@type\":\"ListItem\",\"position\":3,\"name\":\"Investerarrelationer kontakt\"}]},{\"@type\":\"WebSite\",\"@id\":\"https:\\\/\\\/arocell.com\\\/sv\\\/#website\",\"url\":\"https:\\\/\\\/arocell.com\\\/sv\\\/\",\"name\":\"IDL Diagnostics\",\"description\":\"Saving lives with diagnostics\",\"publisher\":{\"@id\":\"https:\\\/\\\/arocell.com\\\/sv\\\/#organization\"},\"potentialAction\":[{\"@type\":\"SearchAction\",\"target\":{\"@type\":\"EntryPoint\",\"urlTemplate\":\"https:\\\/\\\/arocell.com\\\/sv\\\/?s={search_term_string}\"},\"query-input\":{\"@type\":\"PropertyValueSpecification\",\"valueRequired\":true,\"valueName\":\"search_term_string\"}}],\"inLanguage\":\"sv-SE\"},{\"@type\":\"Organization\",\"@id\":\"https:\\\/\\\/arocell.com\\\/sv\\\/#organization\",\"name\":\"IDL Diagnostics\",\"url\":\"https:\\\/\\\/arocell.com\\\/sv\\\/\",\"logo\":{\"@type\":\"ImageObject\",\"inLanguage\":\"sv-SE\",\"@id\":\"https:\\\/\\\/arocell.com\\\/sv\\\/#\\\/schema\\\/logo\\\/image\\\/\",\"url\":\"https:\\\/\\\/idldiagnostics.com\\\/sv\\\/wp-content\\\/uploads\\\/2022\\\/10\\\/AroCell_logo.png\",\"contentUrl\":\"https:\\\/\\\/idldiagnostics.com\\\/sv\\\/wp-content\\\/uploads\\\/2022\\\/10\\\/AroCell_logo.png\",\"width\":1713,\"height\":570,\"caption\":\"IDL Diagnostics\"},\"image\":{\"@id\":\"https:\\\/\\\/arocell.com\\\/sv\\\/#\\\/schema\\\/logo\\\/image\\\/\"},\"sameAs\":[\"https:\\\/\\\/www.facebook.com\\\/arocell\",\"https:\\\/\\\/linkedin.com\\\/company\\\/arocell\"]}]}<\/script>\n<!-- \/ Yoast SEO plugin. -->","yoast_head_json":{"title":"Investerarrelationer kontakt - IDL Diagnostics","description":"Om du har n\u00e5gra fr\u00e5gor eller beh\u00f6ver information relaterad till v\u00e5rt f\u00f6retags finansiella prestationer, investerarrelationer eller","robots":{"index":"index","follow":"follow","max-snippet":"max-snippet:-1","max-image-preview":"max-image-preview:large","max-video-preview":"max-video-preview:-1"},"canonical":"https:\/\/idldiagnostics.com\/sv\/investerare\/investerarrelationer-kontakt\/","og_locale":"sv_SE","og_type":"article","og_title":"Investerarrelationer kontakt - IDL Diagnostics","og_description":"Om du har n\u00e5gra fr\u00e5gor eller beh\u00f6ver information relaterad till v\u00e5rt f\u00f6retags finansiella prestationer, investerarrelationer eller","og_url":"https:\/\/idldiagnostics.com\/sv\/investerare\/investerarrelationer-kontakt\/","og_site_name":"IDL Diagnostics","article_publisher":"https:\/\/www.facebook.com\/arocell","article_modified_time":"2025-06-18T10:45:49+00:00","og_image":[{"width":320,"height":320,"url":"https:\/\/idldiagnostics.com\/sv\/wp-content\/uploads\/2022\/09\/alona-nyberg.jpg","type":"image\/jpeg"}],"twitter_card":"summary_large_image","twitter_misc":{"Ber\u00e4knad l\u00e4stid":"2 minuter"},"schema":{"@context":"https:\/\/schema.org","@graph":[{"@type":"WebPage","@id":"https:\/\/idldiagnostics.com\/sv\/investerare\/investerarrelationer-kontakt\/","url":"https:\/\/idldiagnostics.com\/sv\/investerare\/investerarrelationer-kontakt\/","name":"Investerarrelationer kontakt - IDL Diagnostics","isPartOf":{"@id":"https:\/\/arocell.com\/sv\/#website"},"primaryImageOfPage":{"@id":"https:\/\/idldiagnostics.com\/sv\/investerare\/investerarrelationer-kontakt\/#primaryimage"},"image":{"@id":"https:\/\/idldiagnostics.com\/sv\/investerare\/investerarrelationer-kontakt\/#primaryimage"},"thumbnailUrl":"https:\/\/idldiagnostics.com\/sv\/wp-content\/uploads\/2022\/09\/alona-nyberg.jpg","datePublished":"2021-11-30T09:18:35+00:00","dateModified":"2025-06-18T10:45:49+00:00","description":"Om du har n\u00e5gra fr\u00e5gor eller beh\u00f6ver information relaterad till v\u00e5rt f\u00f6retags finansiella prestationer, investerarrelationer eller","breadcrumb":{"@id":"https:\/\/idldiagnostics.com\/sv\/investerare\/investerarrelationer-kontakt\/#breadcrumb"},"inLanguage":"sv-SE","potentialAction":[{"@type":"ReadAction","target":["https:\/\/idldiagnostics.com\/sv\/investerare\/investerarrelationer-kontakt\/"]}]},{"@type":"ImageObject","inLanguage":"sv-SE","@id":"https:\/\/idldiagnostics.com\/sv\/investerare\/investerarrelationer-kontakt\/#primaryimage","url":"https:\/\/idldiagnostics.com\/sv\/wp-content\/uploads\/2022\/09\/alona-nyberg.jpg","contentUrl":"https:\/\/idldiagnostics.com\/sv\/wp-content\/uploads\/2022\/09\/alona-nyberg.jpg","width":320,"height":320},{"@type":"BreadcrumbList","@id":"https:\/\/idldiagnostics.com\/sv\/investerare\/investerarrelationer-kontakt\/#breadcrumb","itemListElement":[{"@type":"ListItem","position":1,"name":"Hem","item":"https:\/\/idldiagnostics.com\/sv\/"},{"@type":"ListItem","position":2,"name":"Investerare","item":"https:\/\/arocell.com\/sv\/investerare\/"},{"@type":"ListItem","position":3,"name":"Investerarrelationer kontakt"}]},{"@type":"WebSite","@id":"https:\/\/arocell.com\/sv\/#website","url":"https:\/\/arocell.com\/sv\/","name":"IDL Diagnostics","description":"Saving lives with diagnostics","publisher":{"@id":"https:\/\/arocell.com\/sv\/#organization"},"potentialAction":[{"@type":"SearchAction","target":{"@type":"EntryPoint","urlTemplate":"https:\/\/arocell.com\/sv\/?s={search_term_string}"},"query-input":{"@type":"PropertyValueSpecification","valueRequired":true,"valueName":"search_term_string"}}],"inLanguage":"sv-SE"},{"@type":"Organization","@id":"https:\/\/arocell.com\/sv\/#organization","name":"IDL Diagnostics","url":"https:\/\/arocell.com\/sv\/","logo":{"@type":"ImageObject","inLanguage":"sv-SE","@id":"https:\/\/arocell.com\/sv\/#\/schema\/logo\/image\/","url":"https:\/\/idldiagnostics.com\/sv\/wp-content\/uploads\/2022\/10\/AroCell_logo.png","contentUrl":"https:\/\/idldiagnostics.com\/sv\/wp-content\/uploads\/2022\/10\/AroCell_logo.png","width":1713,"height":570,"caption":"IDL Diagnostics"},"image":{"@id":"https:\/\/arocell.com\/sv\/#\/schema\/logo\/image\/"},"sameAs":["https:\/\/www.facebook.com\/arocell","https:\/\/linkedin.com\/company\/arocell"]}]}},"_links":{"self":[{"href":"https:\/\/idldiagnostics.com\/sv\/wp-json\/wp\/v2\/pages\/2852","targetHints":{"allow":["GET"]}}],"collection":[{"href":"https:\/\/idldiagnostics.com\/sv\/wp-json\/wp\/v2\/pages"}],"about":[{"href":"https:\/\/idldiagnostics.com\/sv\/wp-json\/wp\/v2\/types\/page"}],"author":[{"embeddable":true,"href":"https:\/\/idldiagnostics.com\/sv\/wp-json\/wp\/v2\/users\/1"}],"replies":[{"embeddable":true,"href":"https:\/\/idldiagnostics.com\/sv\/wp-json\/wp\/v2\/comments?post=2852"}],"version-history":[{"count":1,"href":"https:\/\/idldiagnostics.com\/sv\/wp-json\/wp\/v2\/pages\/2852\/revisions"}],"predecessor-version":[{"id":5408,"href":"https:\/\/idldiagnostics.com\/sv\/wp-json\/wp\/v2\/pages\/2852\/revisions\/5408"}],"up":[{"embeddable":true,"href":"https:\/\/idldiagnostics.com\/sv\/wp-json\/wp\/v2\/pages\/2856"}],"wp:featuredmedia":[{"embeddable":true,"href":"https:\/\/idldiagnostics.com\/sv\/wp-json\/wp\/v2\/media\/3755"}],"wp:attachment":[{"href":"https:\/\/idldiagnostics.com\/sv\/wp-json\/wp\/v2\/media?parent=2852"}],"wp:term":[{"taxonomy":"dipi_cpt_category","embeddable":true,"href":"https:\/\/idldiagnostics.com\/sv\/wp-json\/wp\/v2\/dipi_cpt_category?post=2852"}],"curies":[{"name":"wp","href":"https:\/\/api.w.org\/{rel}","templated":true}]}}