{"id":2856,"date":"2021-11-30T10:29:50","date_gmt":"2021-11-30T09:29:50","guid":{"rendered":"https:\/\/wp.idlbiotech.com\/?page_id=2856"},"modified":"2025-05-27T10:51:24","modified_gmt":"2025-05-27T08:51:24","slug":"investerare","status":"publish","type":"page","link":"https:\/\/idldiagnostics.com\/sv\/investerare\/","title":{"rendered":"Investerare"},"content":{"rendered":"<p>[et_pb_section fb_built=&#8221;1&#8243; _builder_version=&#8221;4.16&#8243; _module_preset=&#8221;88f366a5-bf49-48d9-a338-ab22706b73e7&#8243; global_colors_info=&#8221;{}&#8221;][et_pb_row column_structure=&#8221;2_3,1_3&#8243; _builder_version=&#8221;4.16&#8243; _module_preset=&#8221;default&#8221; custom_padding=&#8221;0px||0px|||&#8221; global_colors_info=&#8221;{}&#8221;][et_pb_column type=&#8221;2_3&#8243; _builder_version=&#8221;4.16&#8243; _module_preset=&#8221;default&#8221; custom_padding=&#8221;||||false|false&#8221; custom_padding_tablet=&#8221;10px||||false|false&#8221; custom_padding_phone=&#8221;0px||||false|false&#8221; custom_padding_last_edited=&#8221;on|phone&#8221; global_colors_info=&#8221;{}&#8221;][dipi_breadcrumbs _builder_version=&#8221;4.16&#8243; _module_preset=&#8221;default&#8221; global_module=&#8221;5324&#8243; saved_tabs=&#8221;all&#8221; global_colors_info=&#8221;{}&#8221;][\/dipi_breadcrumbs][et_pb_divider color=&#8221;#EEEEEE&#8221; _builder_version=&#8221;4.16&#8243; _module_preset=&#8221;default&#8221; min_height=&#8221;1px&#8221; height=&#8221;20px&#8221; custom_margin=&#8221;||3px|||&#8221; global_colors_info=&#8221;{}&#8221;][\/et_pb_divider][et_pb_text _builder_version=&#8221;4.27.4&#8243; _module_preset=&#8221;8738c908-7375-4c6c-99a7-9f91f8a3c099&#8243; header_font_size=&#8221;56px&#8221; custom_margin=&#8221;||17px|||&#8221; hover_enabled=&#8221;0&#8243; global_colors_info=&#8221;{}&#8221; sticky_enabled=&#8221;0&#8243;]<\/p>\n<h6>Investerare<\/h6>\n<h1>Investerare<\/h1>\n<h5>AroCells f\u00f6rv\u00e4rv av IDL Biotech \u00e5r 2021 var startpunkten f\u00f6r det som idag kallas det nya AroCell.<\/h5>\n<p>Sammanslagningen av de tv\u00e5 f\u00f6retagen skapade ett nytt, starkare f\u00f6retag med en bred produktportf\u00f6lj. Den 27 maj 2026 bytte f\u00f6retaget namn till IDL Diagnostics.<\/p>\n<p>[\/et_pb_text][\/et_pb_column][et_pb_column type=&#8221;1_3&#8243; _builder_version=&#8221;4.16&#8243; _module_preset=&#8221;default&#8221; custom_padding=&#8221;50px||||false|false&#8221; custom_padding_tablet=&#8221;10px||||false|false&#8221; custom_padding_phone=&#8221;0px||||false|false&#8221; custom_padding_last_edited=&#8221;on|tablet&#8221; global_colors_info=&#8221;{}&#8221;][\/et_pb_column][\/et_pb_row][\/et_pb_section][et_pb_section fb_built=&#8221;1&#8243; _builder_version=&#8221;4.16&#8243; _module_preset=&#8221;e9afc0e7-c9bf-4a12-be49-63ddba231101&#8243; global_colors_info=&#8221;{}&#8221;][et_pb_row column_structure=&#8221;1_2,1_2&#8243; _builder_version=&#8221;4.27.4&#8243; _module_preset=&#8221;default&#8221; min_height=&#8221;209.7px&#8221; custom_margin=&#8221;|auto|||false|false&#8221; hover_enabled=&#8221;0&#8243; global_colors_info=&#8221;{}&#8221; sticky_enabled=&#8221;0&#8243;][et_pb_column type=&#8221;1_2&#8243; _builder_version=&#8221;4.18.0&#8243; _module_preset=&#8221;default&#8221; global_colors_info=&#8221;{}&#8221;][et_pb_text _builder_version=&#8221;4.27.4&#8243; _module_preset=&#8221;default&#8221; hover_enabled=&#8221;0&#8243; global_colors_info=&#8221;{}&#8221; sticky_enabled=&#8221;0&#8243;]<\/p>\n<p>IDL Diagnostics utvecklar, tillverkar och levererar diagnostiska tester f\u00f6r cancer och bakterieinfektioner. V\u00e5r produktportf\u00f6lj anv\u00e4nds p\u00e5 kliniker och sjukhus f\u00f6r att s\u00e4kerst\u00e4lla att patienterna f\u00e5r den b\u00e4sta m\u00f6jliga behandlingen.<\/p>\n<p>IDL Diagnostics har en komplett infrastruktur in-house, fr\u00e5n forskning och produktion till f\u00f6rs\u00e4ljning och marknadsf\u00f6ring. Detta g\u00f6r oss unika f\u00f6r ett f\u00f6retag av denna storlek. Vi v\u00e4xer organiskt genom tillv\u00e4xt p\u00e5 befintliga marknader samt \u00f6ppnar nya marknader. Vi utvecklar ocks\u00e5 nya produkter som vi kan s\u00e4lja genom v\u00e5ra befintliga f\u00f6rs\u00e4ljningskanaler. Sammantaget \u00e4r vi v\u00e4l positionerade f\u00f6r stark organisk tillv\u00e4xt.<\/p>\n<p>[\/et_pb_text][\/et_pb_column][et_pb_column type=&#8221;1_2&#8243; _builder_version=&#8221;4.18.0&#8243; _module_preset=&#8221;default&#8221; global_colors_info=&#8221;{}&#8221;][et_pb_text _builder_version=&#8221;4.27.4&#8243; _module_preset=&#8221;default&#8221; hover_enabled=&#8221;0&#8243; global_colors_info=&#8221;{}&#8221; sticky_enabled=&#8221;0&#8243;]<\/p>\n<p data-start=\"0\" data-end=\"353\">V\u00e5r vision \u00e4r att erbjuda en produktportf\u00f6lj som p\u00e5 b\u00e4sta m\u00f6jliga s\u00e4tt bidrar till att skapa f\u00f6ruts\u00e4ttningar f\u00f6r korta behandlingstider och \u00f6kad livskvalitet. Vi vill vara det sj\u00e4lvklara valet inom v\u00e5rt segment p\u00e5 de marknader d\u00e4r vi \u00e4r etablerade. Marknaden f\u00f6r v\u00e5ra produkter \u00e4r stor och vi \u00e4r en mindre akt\u00f6r med betydande tillv\u00e4xtpotential hittills.<\/p>\n<p>[\/et_pb_text][\/et_pb_column][\/et_pb_row][et_pb_row column_structure=&#8221;1_2,1_4,1_4&#8243; _builder_version=&#8221;4.17.4&#8243; _module_preset=&#8221;default&#8221; global_colors_info=&#8221;{}&#8221;][et_pb_column type=&#8221;1_2&#8243; _builder_version=&#8221;4.17.4&#8243; _module_preset=&#8221;default&#8221; global_colors_info=&#8221;{}&#8221;][et_pb_text _builder_version=&#8221;4.27.4&#8243; _module_preset=&#8221;default&#8221; global_colors_info=&#8221;{}&#8221;]<\/p>\n<h4>Finansiell kalender<\/h4>\n<p>[\/et_pb_text][et_pb_code _builder_version=&#8221;4.27.4&#8243; _module_preset=&#8221;default&#8221; width=&#8221;85.1%&#8221; global_colors_info=&#8221;{}&#8221;]\n        <script>\n            if(!window._MF){\n                let b = document.createElement(\"script\");\n                b.type = \"text\/javascript\";\n                b.async = true;\n                b.src =  \" https:\/\/widget.datablocks.se\/api\/rose\/assets\/js\/loader-v4.js\";\n                document.getElementsByTagName(\"body\")[0].appendChild(b);\n\n                window._MF = window._MF || {\n                    data: [],\n                    url: \"https:\/\/widget.datablocks.se\/api\/rose\",\n                    ready: !!0,\n                    render: function() {\n                        window._MF.ready = !0\n                    },\n                    push: function(conf){\n                        this.data.push(conf)\n                    }\n                }\n            }\n            var widget = {\"query\":\"#widget-calendar-1135740934\",\"widget\":\"calendar\",\"locale\":\"en\",\"c\":\"\",\"token\":\"51d293e9-16ce-4e73-8d49-833aee5ec8af\",\"demo\":false,\"class\":\"class='mfn-calendar'\"};\n\n            window._MF.push(widget);\n        <\/script>\n        <div class=\"widget widget_mf_widget\"><div id='widget-calendar-1135740934'class='mfn-calendar'><\/div><\/div>[\/et_pb_code][\/et_pb_column][et_pb_column type=&#8221;1_4&#8243; _builder_version=&#8221;4.17.4&#8243; _module_preset=&#8221;default&#8221; global_colors_info=&#8221;{}&#8221;][et_pb_text _builder_version=&#8221;4.27.4&#8243; _module_preset=&#8221;default&#8221; global_colors_info=&#8221;{}&#8221;]<\/p>\n<h4>Senaste del\u00e5rsrapporten<\/h4>\n<p>[\/et_pb_text][et_pb_code _builder_version=&#8221;4.27.4&#8243; _module_preset=&#8221;default&#8221; global_colors_info=&#8221;{}&#8221;]\n        <script>\n            if(!window._MF){\n                let b = document.createElement(\"script\");\n                b.type = \"text\/javascript\";\n                b.async = true;\n                b.src =  \" https:\/\/widget.datablocks.se\/api\/rose\/assets\/js\/loader-v4.js\";\n                document.getElementsByTagName(\"body\")[0].appendChild(b);\n\n                window._MF = window._MF || {\n                    data: [],\n                    url: \"https:\/\/widget.datablocks.se\/api\/rose\",\n                    ready: !!0,\n                    render: function() {\n                        window._MF.ready = !0\n                    },\n                    push: function(conf){\n                        this.data.push(conf)\n                    }\n                }\n            }\n            var widget = {\"query\":\"#widget-archive-1534761393\",\"widget\":\"archive\",\"locale\":\"en\",\"c\":\"\",\"token\":\"e1ffd152-7fd5-481f-89eb-40da6c9fb6cb\",\"demo\":false,\"class\":\"class='mfn-archive'\"};\n\n            window._MF.push(widget);\n        <\/script>\n        <div class=\"widget widget_mf_widget\"><div id='widget-archive-1534761393'class='mfn-archive'><\/div><\/div>[\/et_pb_code][\/et_pb_column][et_pb_column type=&#8221;1_4&#8243; _builder_version=&#8221;4.17.4&#8243; _module_preset=&#8221;default&#8221; global_colors_info=&#8221;{}&#8221;][et_pb_text _builder_version=&#8221;4.27.4&#8243; _module_preset=&#8221;default&#8221; global_colors_info=&#8221;{}&#8221;]<\/p>\n<h4>Senaste \u00e5rsredovisningen<\/h4>\n<p>[\/et_pb_text][et_pb_code _builder_version=&#8221;4.18.0&#8243; _module_preset=&#8221;default&#8221; global_colors_info=&#8221;{}&#8221;]\n        <script>\n            if(!window._MF){\n                let b = document.createElement(\"script\");\n                b.type = \"text\/javascript\";\n                b.async = true;\n                b.src =  \" https:\/\/widget.datablocks.se\/api\/rose\/assets\/js\/loader-v4.js\";\n                document.getElementsByTagName(\"body\")[0].appendChild(b);\n\n                window._MF = window._MF || {\n                    data: [],\n                    url: \"https:\/\/widget.datablocks.se\/api\/rose\",\n                    ready: !!0,\n                    render: function() {\n                        window._MF.ready = !0\n                    },\n                    push: function(conf){\n                        this.data.push(conf)\n                    }\n                }\n            }\n            var widget = {\"query\":\"#widget-archive-1451623443\",\"widget\":\"archive\",\"locale\":\"en\",\"c\":\"\",\"token\":\"755ee002-1587-41ac-a806-f0329b6530e7\",\"demo\":false,\"class\":\"class='mfn-archive'\"};\n\n            window._MF.push(widget);\n        <\/script>\n        <div class=\"widget widget_mf_widget\"><div id='widget-archive-1451623443'class='mfn-archive'><\/div><\/div>[\/et_pb_code][\/et_pb_column][\/et_pb_row][\/et_pb_section][et_pb_section fb_built=&#8221;1&#8243; custom_padding_last_edited=&#8221;on|tablet&#8221; _builder_version=&#8221;4.9.4&#8243; _module_preset=&#8221;default&#8221; custom_margin_tablet=&#8221;||||false|false&#8221; custom_margin_phone=&#8221;&#8221; custom_margin_last_edited=&#8221;on|tablet&#8221; custom_padding_tablet=&#8221;||0px||false|false&#8221; custom_padding_phone=&#8221;&#8221; global_module=&#8221;2177&#8243; saved_tabs=&#8221;all&#8221; global_colors_info=&#8221;{}&#8221;][et_pb_row column_structure=&#8221;1_2,1_2&#8243; _builder_version=&#8221;4.27.4&#8243; _module_preset=&#8221;default&#8221; global_colors_info=&#8221;{}&#8221;][et_pb_column type=&#8221;1_2&#8243; _builder_version=&#8221;4.16&#8243; _module_preset=&#8221;default&#8221; global_colors_info=&#8221;{}&#8221;][et_pb_text _builder_version=&#8221;4.27.4&#8243; _module_preset=&#8221;default&#8221; global_colors_info=&#8221;{}&#8221;]<\/p>\n<h6>Om oss<\/h6>\n<h3>Vi bist\u00e5r med kunskap till beslutsfattare<\/h3>\n<p>AroCell \u00e4r ett svenskt diagnostikf\u00f6retag med visionen att f\u00f6rb\u00e4ttra \u00f6vervakningen av onkologiska och bakteriella sjukdomar. Vi har ett brett produktutbud av IVD-tester som levererar v\u00e4rdefull klinisk information f\u00f6r uppt\u00e4ckt av sjukdomar.<\/p>\n<p>[\/et_pb_text][et_pb_button button_url=&#8221;https:\/\/idldiagnostics.com\/sv\/om-arocell\/&#8221; button_text=&#8221;L\u00e4s mer om oss&#8221; _builder_version=&#8221;4.27.4&#8243; _module_preset=&#8221;default&#8221; global_colors_info=&#8221;{}&#8221;][\/et_pb_button][\/et_pb_column][et_pb_column type=&#8221;1_2&#8243; _builder_version=&#8221;4.16&#8243; _module_preset=&#8221;default&#8221; global_colors_info=&#8221;{}&#8221;][et_pb_image src=&#8221;https:\/\/idldiagnostics.com\/sv\/wp-content\/uploads\/2022\/10\/MG_7941-800.jpg&#8221; title_text=&#8221;MG_7941-600&#8243; src_tablet=&#8221;&#8221; src_phone=&#8221;https:\/\/idldiagnostics.com\/sv\/wp-content\/uploads\/2023\/08\/MG_7941-600.jpg&#8221; src_last_edited=&#8221;on|phone&#8221; _builder_version=&#8221;4.22.1&#8243; _module_preset=&#8221;default&#8221; global_colors_info=&#8221;{}&#8221;][\/et_pb_image][\/et_pb_column][\/et_pb_row][\/et_pb_section]<\/p>\n","protected":false},"excerpt":{"rendered":"<p><div class=\"et_pb_module dipi_breadcrumbs dipi_breadcrumbs_0\">\n\t\t\t\t\n\t\t\t\t\n\t\t\t\t\n\t\t\t\t\n\t\t\t\t\n\t\t\t\t\n\t\t\t\t<div class=\"et_pb_module_inner\">\n\t\t\t\t\t<div class=\"dipi-breadcrumbs dipi-bc-left\">\n                <ul >\n                    \n                                                        <li  class=\"dipi-breadcrumb-item dipi-breadcrumb-home\">\n\n                                                    <a  href=\"https:\/\/idldiagnostics.com\/sv\">\n                                <span  content=\"Home\">\n                                                                        IDL Diagnostics                                <\/span>\n                            <\/a>\n\n                                                <meta itemprop=\"position\" content=\"1\"\/>                    <\/li>\n\n                    <li class=\"dipi-breadcrumb-separator\">\n                    <span class=\"et-pb-icon dipi-separator-icon\">&#x35;<\/span>\n                <\/li>                            \n                <\/ul>\n            <\/div>\n\t\t\t\t<\/div>\n\t\t\t<\/div>Investerare Investerare AroCells f\u00f6rv\u00e4rv av IDL Biotech \u00e5r 2021 var startpunkten f\u00f6r det som idag kallas det nya AroCell. Sammanslagningen av de tv\u00e5 f\u00f6retagen skapade [&hellip;]<\/p>\n","protected":false},"author":1,"featured_media":3954,"parent":0,"menu_order":0,"comment_status":"closed","ping_status":"closed","template":"","meta":{"_et_pb_use_builder":"on","_et_pb_old_content":"<!-- wp:divi\/placeholder \/-->","_et_gb_content_width":"","footnotes":""},"dipi_cpt_category":[],"class_list":["post-2856","page","type-page","status-publish","has-post-thumbnail","hentry"],"yoast_head":"<!-- This site is optimized with the Yoast SEO plugin v27.5 - https:\/\/yoast.com\/product\/yoast-seo-wordpress\/ -->\n<title>Investerare - IDL Diagnostics<\/title>\n<meta name=\"description\" content=\"AroCell v\u00e4rdes\u00e4tter sina investerare. AroCell har en unik kundbas, marknadsposition och styrkan att v\u00e4xa och skapa aktie\u00e4garv\u00e4rde.\" \/>\n<meta name=\"robots\" content=\"index, follow, max-snippet:-1, max-image-preview:large, max-video-preview:-1\" \/>\n<link rel=\"canonical\" href=\"https:\/\/arocell.com\/sv\/investerare\/\" \/>\n<meta property=\"og:locale\" content=\"sv_SE\" \/>\n<meta property=\"og:type\" content=\"article\" \/>\n<meta property=\"og:title\" content=\"Investerare - IDL Diagnostics\" \/>\n<meta property=\"og:description\" content=\"AroCell v\u00e4rdes\u00e4tter sina investerare. AroCell har en unik kundbas, marknadsposition och styrkan att v\u00e4xa och skapa aktie\u00e4garv\u00e4rde.\" \/>\n<meta property=\"og:url\" content=\"https:\/\/arocell.com\/sv\/investerare\/\" \/>\n<meta property=\"og:site_name\" content=\"IDL Diagnostics\" \/>\n<meta property=\"article:publisher\" content=\"https:\/\/www.facebook.com\/arocell\" \/>\n<meta property=\"article:modified_time\" content=\"2025-05-27T08:51:24+00:00\" \/>\n<meta property=\"og:image\" content=\"https:\/\/arocell.com\/sv\/wp-content\/uploads\/2022\/09\/AroCell_logo.jpg\" \/>\n\t<meta property=\"og:image:width\" content=\"300\" \/>\n\t<meta property=\"og:image:height\" content=\"420\" \/>\n\t<meta property=\"og:image:type\" content=\"image\/jpeg\" \/>\n<meta name=\"twitter:card\" content=\"summary_large_image\" \/>\n<meta name=\"twitter:label1\" content=\"Ber\u00e4knad l\u00e4stid\" \/>\n\t<meta name=\"twitter:data1\" content=\"2 minuter\" \/>\n<script type=\"application\/ld+json\" class=\"yoast-schema-graph\">{\"@context\":\"https:\\\/\\\/schema.org\",\"@graph\":[{\"@type\":\"WebPage\",\"@id\":\"https:\\\/\\\/arocell.com\\\/sv\\\/investerare\\\/\",\"url\":\"https:\\\/\\\/arocell.com\\\/sv\\\/investerare\\\/\",\"name\":\"Investerare - IDL Diagnostics\",\"isPartOf\":{\"@id\":\"https:\\\/\\\/arocell.com\\\/sv\\\/#website\"},\"primaryImageOfPage\":{\"@id\":\"https:\\\/\\\/arocell.com\\\/sv\\\/investerare\\\/#primaryimage\"},\"image\":{\"@id\":\"https:\\\/\\\/arocell.com\\\/sv\\\/investerare\\\/#primaryimage\"},\"thumbnailUrl\":\"https:\\\/\\\/idldiagnostics.com\\\/sv\\\/wp-content\\\/uploads\\\/2022\\\/09\\\/AroCell_logo.jpg\",\"datePublished\":\"2021-11-30T09:29:50+00:00\",\"dateModified\":\"2025-05-27T08:51:24+00:00\",\"description\":\"AroCell v\u00e4rdes\u00e4tter sina investerare. AroCell har en unik kundbas, marknadsposition och styrkan att v\u00e4xa och skapa aktie\u00e4garv\u00e4rde.\",\"breadcrumb\":{\"@id\":\"https:\\\/\\\/arocell.com\\\/sv\\\/investerare\\\/#breadcrumb\"},\"inLanguage\":\"sv-SE\",\"potentialAction\":[{\"@type\":\"ReadAction\",\"target\":[\"https:\\\/\\\/arocell.com\\\/sv\\\/investerare\\\/\"]}]},{\"@type\":\"ImageObject\",\"inLanguage\":\"sv-SE\",\"@id\":\"https:\\\/\\\/arocell.com\\\/sv\\\/investerare\\\/#primaryimage\",\"url\":\"https:\\\/\\\/idldiagnostics.com\\\/sv\\\/wp-content\\\/uploads\\\/2022\\\/09\\\/AroCell_logo.jpg\",\"contentUrl\":\"https:\\\/\\\/idldiagnostics.com\\\/sv\\\/wp-content\\\/uploads\\\/2022\\\/09\\\/AroCell_logo.jpg\",\"width\":300,\"height\":420},{\"@type\":\"BreadcrumbList\",\"@id\":\"https:\\\/\\\/arocell.com\\\/sv\\\/investerare\\\/#breadcrumb\",\"itemListElement\":[{\"@type\":\"ListItem\",\"position\":1,\"name\":\"Hem\",\"item\":\"https:\\\/\\\/idldiagnostics.com\\\/sv\\\/\"},{\"@type\":\"ListItem\",\"position\":2,\"name\":\"Investerare\"}]},{\"@type\":\"WebSite\",\"@id\":\"https:\\\/\\\/arocell.com\\\/sv\\\/#website\",\"url\":\"https:\\\/\\\/arocell.com\\\/sv\\\/\",\"name\":\"IDL Diagnostics\",\"description\":\"Saving lives with diagnostics\",\"publisher\":{\"@id\":\"https:\\\/\\\/arocell.com\\\/sv\\\/#organization\"},\"potentialAction\":[{\"@type\":\"SearchAction\",\"target\":{\"@type\":\"EntryPoint\",\"urlTemplate\":\"https:\\\/\\\/arocell.com\\\/sv\\\/?s={search_term_string}\"},\"query-input\":{\"@type\":\"PropertyValueSpecification\",\"valueRequired\":true,\"valueName\":\"search_term_string\"}}],\"inLanguage\":\"sv-SE\"},{\"@type\":\"Organization\",\"@id\":\"https:\\\/\\\/arocell.com\\\/sv\\\/#organization\",\"name\":\"IDL Diagnostics\",\"url\":\"https:\\\/\\\/arocell.com\\\/sv\\\/\",\"logo\":{\"@type\":\"ImageObject\",\"inLanguage\":\"sv-SE\",\"@id\":\"https:\\\/\\\/arocell.com\\\/sv\\\/#\\\/schema\\\/logo\\\/image\\\/\",\"url\":\"https:\\\/\\\/idldiagnostics.com\\\/sv\\\/wp-content\\\/uploads\\\/2022\\\/10\\\/AroCell_logo.png\",\"contentUrl\":\"https:\\\/\\\/idldiagnostics.com\\\/sv\\\/wp-content\\\/uploads\\\/2022\\\/10\\\/AroCell_logo.png\",\"width\":1713,\"height\":570,\"caption\":\"IDL Diagnostics\"},\"image\":{\"@id\":\"https:\\\/\\\/arocell.com\\\/sv\\\/#\\\/schema\\\/logo\\\/image\\\/\"},\"sameAs\":[\"https:\\\/\\\/www.facebook.com\\\/arocell\",\"https:\\\/\\\/linkedin.com\\\/company\\\/arocell\"]}]}<\/script>\n<!-- \/ Yoast SEO plugin. -->","yoast_head_json":{"title":"Investerare - IDL Diagnostics","description":"AroCell v\u00e4rdes\u00e4tter sina investerare. AroCell har en unik kundbas, marknadsposition och styrkan att v\u00e4xa och skapa aktie\u00e4garv\u00e4rde.","robots":{"index":"index","follow":"follow","max-snippet":"max-snippet:-1","max-image-preview":"max-image-preview:large","max-video-preview":"max-video-preview:-1"},"canonical":"https:\/\/arocell.com\/sv\/investerare\/","og_locale":"sv_SE","og_type":"article","og_title":"Investerare - IDL Diagnostics","og_description":"AroCell v\u00e4rdes\u00e4tter sina investerare. AroCell har en unik kundbas, marknadsposition och styrkan att v\u00e4xa och skapa aktie\u00e4garv\u00e4rde.","og_url":"https:\/\/arocell.com\/sv\/investerare\/","og_site_name":"IDL Diagnostics","article_publisher":"https:\/\/www.facebook.com\/arocell","article_modified_time":"2025-05-27T08:51:24+00:00","og_image":[{"width":300,"height":420,"url":"https:\/\/arocell.com\/sv\/wp-content\/uploads\/2022\/09\/AroCell_logo.jpg","type":"image\/jpeg"}],"twitter_card":"summary_large_image","twitter_misc":{"Ber\u00e4knad l\u00e4stid":"2 minuter"},"schema":{"@context":"https:\/\/schema.org","@graph":[{"@type":"WebPage","@id":"https:\/\/arocell.com\/sv\/investerare\/","url":"https:\/\/arocell.com\/sv\/investerare\/","name":"Investerare - IDL Diagnostics","isPartOf":{"@id":"https:\/\/arocell.com\/sv\/#website"},"primaryImageOfPage":{"@id":"https:\/\/arocell.com\/sv\/investerare\/#primaryimage"},"image":{"@id":"https:\/\/arocell.com\/sv\/investerare\/#primaryimage"},"thumbnailUrl":"https:\/\/idldiagnostics.com\/sv\/wp-content\/uploads\/2022\/09\/AroCell_logo.jpg","datePublished":"2021-11-30T09:29:50+00:00","dateModified":"2025-05-27T08:51:24+00:00","description":"AroCell v\u00e4rdes\u00e4tter sina investerare. AroCell har en unik kundbas, marknadsposition och styrkan att v\u00e4xa och skapa aktie\u00e4garv\u00e4rde.","breadcrumb":{"@id":"https:\/\/arocell.com\/sv\/investerare\/#breadcrumb"},"inLanguage":"sv-SE","potentialAction":[{"@type":"ReadAction","target":["https:\/\/arocell.com\/sv\/investerare\/"]}]},{"@type":"ImageObject","inLanguage":"sv-SE","@id":"https:\/\/arocell.com\/sv\/investerare\/#primaryimage","url":"https:\/\/idldiagnostics.com\/sv\/wp-content\/uploads\/2022\/09\/AroCell_logo.jpg","contentUrl":"https:\/\/idldiagnostics.com\/sv\/wp-content\/uploads\/2022\/09\/AroCell_logo.jpg","width":300,"height":420},{"@type":"BreadcrumbList","@id":"https:\/\/arocell.com\/sv\/investerare\/#breadcrumb","itemListElement":[{"@type":"ListItem","position":1,"name":"Hem","item":"https:\/\/idldiagnostics.com\/sv\/"},{"@type":"ListItem","position":2,"name":"Investerare"}]},{"@type":"WebSite","@id":"https:\/\/arocell.com\/sv\/#website","url":"https:\/\/arocell.com\/sv\/","name":"IDL Diagnostics","description":"Saving lives with diagnostics","publisher":{"@id":"https:\/\/arocell.com\/sv\/#organization"},"potentialAction":[{"@type":"SearchAction","target":{"@type":"EntryPoint","urlTemplate":"https:\/\/arocell.com\/sv\/?s={search_term_string}"},"query-input":{"@type":"PropertyValueSpecification","valueRequired":true,"valueName":"search_term_string"}}],"inLanguage":"sv-SE"},{"@type":"Organization","@id":"https:\/\/arocell.com\/sv\/#organization","name":"IDL Diagnostics","url":"https:\/\/arocell.com\/sv\/","logo":{"@type":"ImageObject","inLanguage":"sv-SE","@id":"https:\/\/arocell.com\/sv\/#\/schema\/logo\/image\/","url":"https:\/\/idldiagnostics.com\/sv\/wp-content\/uploads\/2022\/10\/AroCell_logo.png","contentUrl":"https:\/\/idldiagnostics.com\/sv\/wp-content\/uploads\/2022\/10\/AroCell_logo.png","width":1713,"height":570,"caption":"IDL Diagnostics"},"image":{"@id":"https:\/\/arocell.com\/sv\/#\/schema\/logo\/image\/"},"sameAs":["https:\/\/www.facebook.com\/arocell","https:\/\/linkedin.com\/company\/arocell"]}]}},"_links":{"self":[{"href":"https:\/\/idldiagnostics.com\/sv\/wp-json\/wp\/v2\/pages\/2856","targetHints":{"allow":["GET"]}}],"collection":[{"href":"https:\/\/idldiagnostics.com\/sv\/wp-json\/wp\/v2\/pages"}],"about":[{"href":"https:\/\/idldiagnostics.com\/sv\/wp-json\/wp\/v2\/types\/page"}],"author":[{"embeddable":true,"href":"https:\/\/idldiagnostics.com\/sv\/wp-json\/wp\/v2\/users\/1"}],"replies":[{"embeddable":true,"href":"https:\/\/idldiagnostics.com\/sv\/wp-json\/wp\/v2\/comments?post=2856"}],"version-history":[{"count":1,"href":"https:\/\/idldiagnostics.com\/sv\/wp-json\/wp\/v2\/pages\/2856\/revisions"}],"predecessor-version":[{"id":5348,"href":"https:\/\/idldiagnostics.com\/sv\/wp-json\/wp\/v2\/pages\/2856\/revisions\/5348"}],"wp:featuredmedia":[{"embeddable":true,"href":"https:\/\/idldiagnostics.com\/sv\/wp-json\/wp\/v2\/media\/3954"}],"wp:attachment":[{"href":"https:\/\/idldiagnostics.com\/sv\/wp-json\/wp\/v2\/media?parent=2856"}],"wp:term":[{"taxonomy":"dipi_cpt_category","embeddable":true,"href":"https:\/\/idldiagnostics.com\/sv\/wp-json\/wp\/v2\/dipi_cpt_category?post=2856"}],"curies":[{"name":"wp","href":"https:\/\/api.w.org\/{rel}","templated":true}]}}